{"id":70722,"date":"2024-04-08T10:51:43","date_gmt":"2024-04-08T08:51:43","guid":{"rendered":"https:\/\/www.aligro.ch\/pages\/?page_id=70722"},"modified":"2024-04-08T10:51:43","modified_gmt":"2024-04-08T08:51:43","slug":"progresso-ausbildung","status":"publish","type":"page","link":"https:\/\/www.aligro.ch\/pages\/de\/progresso-ausbildung\/","title":{"rendered":"Progresso bringt mehr Effizienz und Erfolg in Ihren Betrieb"},"content":{"rendered":"<div class=\"wpb-content-wrapper\"><p>[vc_row][vc_column][vc_empty_space][\/vc_column][\/vc_row][vc_row][vc_column width=\u00a0\u00bb1\/2&Prime;][vc_column_text]Die Basisqualifikation \u201eProgresso\u201c ist ideal f\u00fcr Mitarbeitende im Gastgewerbe ohne abgeschlossene berufliche Grundbildung. Der Lehrgang wird in den Fachbereichen K\u00fcche, Service, Systemgastronomie, Hauswirtschaft und neu \u201eAllrounder\u201c schweizweit angeboten. Die Lehrg\u00e4nge dauern f\u00fcnf Wochen, unterteilt in drei Kursmodule, verbessern die beruflichen Fertigkeiten und erweitern die sprachlichen Kompetenzen. Auch die betrieblich gesetzlich vorgeschriebenen Schulungen in den Bereichen Hygiene und Arbeitssicherheit sind inkludiert.[\/vc_column_text][\/vc_column][vc_column width=\u00a0\u00bb1\/2&Prime;][vc_images_carousel images=\u00a0\u00bb70718&Prime; img_size=\u00a0\u00bbfull\u00a0\u00bb][\/vc_column][\/vc_row][vc_row][vc_column][vc_column_text css=\u00a0\u00bb.vc_custom_1712566245575{padding-top: 20px !important;}\u00a0\u00bb]<\/p>\n<h3>Kostenlos und mit Lohnersatz f\u00fcr L-GAV-unterstellte Betriebe<\/h3>\n<p>[\/vc_column_text][\/vc_column][\/vc_row][vc_row][vc_column width=\u00a0\u00bb1\/2&Prime; css=\u00a0\u00bb.vc_custom_1695291355033{padding-bottom: 20px !important;}\u00a0\u00bb][vc_images_carousel images=\u00a0\u00bb70720&Prime; img_size=\u00a0\u00bbfull\u00a0\u00bb][\/vc_column][vc_column width=\u00a0\u00bb1\/2&Prime;][vc_column_text]Der Progresso-Lehrgang geh\u00f6rt auch 2024 zu den L-GAV-finanzierten Angeboten. Zudem werden die Kosten f\u00fcr Lehrmittel, Mahlzeiten, allf\u00e4llige Unterk\u00fcnfte der Kursteilnehmenden sowie ein grossz\u00fcgiger Anteil des Lohnersatzes \u00fcbernommen. F\u00fcr alle anderen Betriebe, z.B. Spit\u00e4ler oder Heime, betragen die Kurskosten CHF 5\u2018750.-.[\/vc_column_text][\/vc_column][\/vc_row][vc_row][vc_column][vc_separator][\/vc_column][\/vc_row][vc_row][vc_column][vc_column_text]<\/p>\n<p style=\"text-align: center;\"><a class=\"btn btn-primary btn-large\" style=\"border-radius: 25px; font-weight: normal; font-size: .8em; padding: .75em 1.5em; letter-spacing: normal; text-shadow: none;\" href=\"https:\/\/www.mein-progresso.ch\">WEITERE INFORMATIONEN UND ANMELDUNG<\/a><\/p>\n<p>[\/vc_column_text][\/vc_column][\/vc_row]<\/p>\n<\/div>","protected":false},"excerpt":{"rendered":"<p>[vc_row][vc_column][vc_empty_space][\/vc_column][\/vc_row][vc_row][vc_column width=\u00a0\u00bb1\/2&Prime;][vc_column_text]Die Basisqualifikation \u201eProgresso\u201c ist ideal f\u00fcr Mitarbeitende im Gastgewerbe ohne abgeschlossene berufliche Grundbildung. Der Lehrgang wird in<a class=\"moretag\" href=\"https:\/\/www.aligro.ch\/pages\/de\/progresso-ausbildung\/\"> &#8230;<\/a><\/p>\n","protected":false},"author":9,"featured_media":70717,"parent":0,"menu_order":0,"comment_status":"closed","ping_status":"closed","template":"","meta":{"_acf_changed":false,"footnotes":""},"class_list":["post-70722","page","type-page","status-publish","has-post-thumbnail","hentry"],"acf":[],"yoast_head":"<!-- This site is optimized with the Yoast SEO plugin v27.3 - https:\/\/yoast.com\/product\/yoast-seo-wordpress\/ -->\n<title>Progresso bringt mehr Effizienz und Erfolg in Ihren Betrieb - ALIGRO<\/title>\n<meta name=\"description\" content=\"En tant que client d&#039;Aligro, vous b\u00e9n\u00e9ficiez d&#039;une r\u00e9duction exclusive sur votre HotelCard personnelle vous permettant d&#039;acc\u00e9der aux bons plans h\u00f4teliers en Suisse et de s\u00e9journer jusqu&#039;\u00e0 50% moins cher dans plus de 500 superbes h\u00f4tels.\" \/>\n<meta name=\"robots\" content=\"index, follow, max-snippet:-1, max-image-preview:large, max-video-preview:-1\" \/>\n<link rel=\"canonical\" href=\"https:\/\/www.aligro.ch\/pages\/de\/progresso-ausbildung\/\" \/>\n<meta property=\"og:locale\" content=\"fr_FR\" \/>\n<meta property=\"og:type\" content=\"article\" \/>\n<meta property=\"og:title\" content=\"Progresso bringt mehr Effizienz und Erfolg in Ihren Betrieb - ALIGRO\" \/>\n<meta property=\"og:description\" content=\"En tant que client d&#039;Aligro, vous b\u00e9n\u00e9ficiez d&#039;une r\u00e9duction exclusive sur votre HotelCard personnelle vous permettant d&#039;acc\u00e9der aux bons plans h\u00f4teliers en Suisse et de s\u00e9journer jusqu&#039;\u00e0 50% moins cher dans plus de 500 superbes h\u00f4tels.\" \/>\n<meta property=\"og:url\" content=\"https:\/\/www.aligro.ch\/pages\/de\/progresso-ausbildung\/\" \/>\n<meta property=\"og:site_name\" content=\"ALIGRO\" \/>\n<meta property=\"article:publisher\" content=\"https:\/\/fb.com\/aligrosuisse\" \/>\n<meta property=\"og:image\" content=\"https:\/\/www.aligro.ch\/pages\/wp-content\/uploads\/2024\/04\/Banner_Progresso_Vertical_FR.jpg\" \/>\n\t<meta property=\"og:image:width\" content=\"1920\" \/>\n\t<meta property=\"og:image:height\" content=\"713\" \/>\n\t<meta property=\"og:image:type\" content=\"image\/jpeg\" \/>\n<meta name=\"twitter:card\" content=\"summary_large_image\" \/>\n<meta name=\"twitter:label1\" content=\"Dur\u00e9e de lecture estim\u00e9e\" \/>\n\t<meta name=\"twitter:data1\" content=\"2 minutes\" \/>\n<script type=\"application\/ld+json\" class=\"yoast-schema-graph\">{\"@context\":\"https:\\\/\\\/schema.org\",\"@graph\":[{\"@type\":\"WebPage\",\"@id\":\"https:\\\/\\\/www.aligro.ch\\\/pages\\\/de\\\/progresso-ausbildung\\\/\",\"url\":\"https:\\\/\\\/www.aligro.ch\\\/pages\\\/de\\\/progresso-ausbildung\\\/\",\"name\":\"Progresso bringt mehr Effizienz und Erfolg in Ihren Betrieb - ALIGRO\",\"isPartOf\":{\"@id\":\"https:\\\/\\\/www.aligro.ch\\\/pages\\\/#website\"},\"primaryImageOfPage\":{\"@id\":\"https:\\\/\\\/www.aligro.ch\\\/pages\\\/de\\\/progresso-ausbildung\\\/#primaryimage\"},\"image\":{\"@id\":\"https:\\\/\\\/www.aligro.ch\\\/pages\\\/de\\\/progresso-ausbildung\\\/#primaryimage\"},\"thumbnailUrl\":\"https:\\\/\\\/www.aligro.ch\\\/pages\\\/wp-content\\\/uploads\\\/2024\\\/04\\\/Banner_Progresso_Vertical_FR.jpg\",\"datePublished\":\"2024-04-08T08:51:43+00:00\",\"description\":\"En tant que client d'Aligro, vous b\u00e9n\u00e9ficiez d'une r\u00e9duction exclusive sur votre HotelCard personnelle vous permettant d'acc\u00e9der aux bons plans h\u00f4teliers en Suisse et de s\u00e9journer jusqu'\u00e0 50% moins cher dans plus de 500 superbes h\u00f4tels.\",\"breadcrumb\":{\"@id\":\"https:\\\/\\\/www.aligro.ch\\\/pages\\\/de\\\/progresso-ausbildung\\\/#breadcrumb\"},\"inLanguage\":\"fr-FR\",\"potentialAction\":[{\"@type\":\"ReadAction\",\"target\":[\"https:\\\/\\\/www.aligro.ch\\\/pages\\\/de\\\/progresso-ausbildung\\\/\"]}]},{\"@type\":\"ImageObject\",\"inLanguage\":\"fr-FR\",\"@id\":\"https:\\\/\\\/www.aligro.ch\\\/pages\\\/de\\\/progresso-ausbildung\\\/#primaryimage\",\"url\":\"https:\\\/\\\/www.aligro.ch\\\/pages\\\/wp-content\\\/uploads\\\/2024\\\/04\\\/Banner_Progresso_Vertical_FR.jpg\",\"contentUrl\":\"https:\\\/\\\/www.aligro.ch\\\/pages\\\/wp-content\\\/uploads\\\/2024\\\/04\\\/Banner_Progresso_Vertical_FR.jpg\",\"width\":1920,\"height\":713},{\"@type\":\"BreadcrumbList\",\"@id\":\"https:\\\/\\\/www.aligro.ch\\\/pages\\\/de\\\/progresso-ausbildung\\\/#breadcrumb\",\"itemListElement\":[{\"@type\":\"ListItem\",\"position\":1,\"name\":\"Accueil\",\"item\":\"https:\\\/\\\/www.aligro.ch\\\/pages\\\/de\\\/aligro-academy\\\/\"},{\"@type\":\"ListItem\",\"position\":2,\"name\":\"Progresso bringt mehr Effizienz und Erfolg in Ihren Betrieb\"}]},{\"@type\":\"WebSite\",\"@id\":\"https:\\\/\\\/www.aligro.ch\\\/pages\\\/#website\",\"url\":\"https:\\\/\\\/www.aligro.ch\\\/pages\\\/\",\"name\":\"ALIGRO\",\"description\":\"Fra\u00eecheur. Qualit\u00e9. Inspiration.\",\"publisher\":{\"@id\":\"https:\\\/\\\/www.aligro.ch\\\/pages\\\/#organization\"},\"potentialAction\":[{\"@type\":\"SearchAction\",\"target\":{\"@type\":\"EntryPoint\",\"urlTemplate\":\"https:\\\/\\\/www.aligro.ch\\\/pages\\\/?s={search_term_string}\"},\"query-input\":{\"@type\":\"PropertyValueSpecification\",\"valueRequired\":true,\"valueName\":\"search_term_string\"}}],\"inLanguage\":\"fr-FR\"},{\"@type\":\"Organization\",\"@id\":\"https:\\\/\\\/www.aligro.ch\\\/pages\\\/#organization\",\"name\":\"ALIGRO\",\"url\":\"https:\\\/\\\/www.aligro.ch\\\/pages\\\/\",\"logo\":{\"@type\":\"ImageObject\",\"inLanguage\":\"fr-FR\",\"@id\":\"https:\\\/\\\/www.aligro.ch\\\/pages\\\/#\\\/schema\\\/logo\\\/image\\\/\",\"url\":\"https:\\\/\\\/www.aligro.ch\\\/pages\\\/wp-content\\\/uploads\\\/2018\\\/10\\\/Logo@4x.png\",\"contentUrl\":\"https:\\\/\\\/www.aligro.ch\\\/pages\\\/wp-content\\\/uploads\\\/2018\\\/10\\\/Logo@4x.png\",\"width\":1831,\"height\":228,\"caption\":\"ALIGRO\"},\"image\":{\"@id\":\"https:\\\/\\\/www.aligro.ch\\\/pages\\\/#\\\/schema\\\/logo\\\/image\\\/\"},\"sameAs\":[\"https:\\\/\\\/fb.com\\\/aligrosuisse\"]}]}<\/script>\n<!-- \/ Yoast SEO plugin. -->","yoast_head_json":{"title":"Progresso bringt mehr Effizienz und Erfolg in Ihren Betrieb - ALIGRO","description":"En tant que client d'Aligro, vous b\u00e9n\u00e9ficiez d'une r\u00e9duction exclusive sur votre HotelCard personnelle vous permettant d'acc\u00e9der aux bons plans h\u00f4teliers en Suisse et de s\u00e9journer jusqu'\u00e0 50% moins cher dans plus de 500 superbes h\u00f4tels.","robots":{"index":"index","follow":"follow","max-snippet":"max-snippet:-1","max-image-preview":"max-image-preview:large","max-video-preview":"max-video-preview:-1"},"canonical":"https:\/\/www.aligro.ch\/pages\/de\/progresso-ausbildung\/","og_locale":"fr_FR","og_type":"article","og_title":"Progresso bringt mehr Effizienz und Erfolg in Ihren Betrieb - ALIGRO","og_description":"En tant que client d'Aligro, vous b\u00e9n\u00e9ficiez d'une r\u00e9duction exclusive sur votre HotelCard personnelle vous permettant d'acc\u00e9der aux bons plans h\u00f4teliers en Suisse et de s\u00e9journer jusqu'\u00e0 50% moins cher dans plus de 500 superbes h\u00f4tels.","og_url":"https:\/\/www.aligro.ch\/pages\/de\/progresso-ausbildung\/","og_site_name":"ALIGRO","article_publisher":"https:\/\/fb.com\/aligrosuisse","og_image":[{"width":1920,"height":713,"url":"https:\/\/www.aligro.ch\/pages\/wp-content\/uploads\/2024\/04\/Banner_Progresso_Vertical_FR.jpg","type":"image\/jpeg"}],"twitter_card":"summary_large_image","twitter_misc":{"Dur\u00e9e de lecture estim\u00e9e":"2 minutes"},"schema":{"@context":"https:\/\/schema.org","@graph":[{"@type":"WebPage","@id":"https:\/\/www.aligro.ch\/pages\/de\/progresso-ausbildung\/","url":"https:\/\/www.aligro.ch\/pages\/de\/progresso-ausbildung\/","name":"Progresso bringt mehr Effizienz und Erfolg in Ihren Betrieb - ALIGRO","isPartOf":{"@id":"https:\/\/www.aligro.ch\/pages\/#website"},"primaryImageOfPage":{"@id":"https:\/\/www.aligro.ch\/pages\/de\/progresso-ausbildung\/#primaryimage"},"image":{"@id":"https:\/\/www.aligro.ch\/pages\/de\/progresso-ausbildung\/#primaryimage"},"thumbnailUrl":"https:\/\/www.aligro.ch\/pages\/wp-content\/uploads\/2024\/04\/Banner_Progresso_Vertical_FR.jpg","datePublished":"2024-04-08T08:51:43+00:00","description":"En tant que client d'Aligro, vous b\u00e9n\u00e9ficiez d'une r\u00e9duction exclusive sur votre HotelCard personnelle vous permettant d'acc\u00e9der aux bons plans h\u00f4teliers en Suisse et de s\u00e9journer jusqu'\u00e0 50% moins cher dans plus de 500 superbes h\u00f4tels.","breadcrumb":{"@id":"https:\/\/www.aligro.ch\/pages\/de\/progresso-ausbildung\/#breadcrumb"},"inLanguage":"fr-FR","potentialAction":[{"@type":"ReadAction","target":["https:\/\/www.aligro.ch\/pages\/de\/progresso-ausbildung\/"]}]},{"@type":"ImageObject","inLanguage":"fr-FR","@id":"https:\/\/www.aligro.ch\/pages\/de\/progresso-ausbildung\/#primaryimage","url":"https:\/\/www.aligro.ch\/pages\/wp-content\/uploads\/2024\/04\/Banner_Progresso_Vertical_FR.jpg","contentUrl":"https:\/\/www.aligro.ch\/pages\/wp-content\/uploads\/2024\/04\/Banner_Progresso_Vertical_FR.jpg","width":1920,"height":713},{"@type":"BreadcrumbList","@id":"https:\/\/www.aligro.ch\/pages\/de\/progresso-ausbildung\/#breadcrumb","itemListElement":[{"@type":"ListItem","position":1,"name":"Accueil","item":"https:\/\/www.aligro.ch\/pages\/de\/aligro-academy\/"},{"@type":"ListItem","position":2,"name":"Progresso bringt mehr Effizienz und Erfolg in Ihren Betrieb"}]},{"@type":"WebSite","@id":"https:\/\/www.aligro.ch\/pages\/#website","url":"https:\/\/www.aligro.ch\/pages\/","name":"ALIGRO","description":"Fra\u00eecheur. Qualit\u00e9. Inspiration.","publisher":{"@id":"https:\/\/www.aligro.ch\/pages\/#organization"},"potentialAction":[{"@type":"SearchAction","target":{"@type":"EntryPoint","urlTemplate":"https:\/\/www.aligro.ch\/pages\/?s={search_term_string}"},"query-input":{"@type":"PropertyValueSpecification","valueRequired":true,"valueName":"search_term_string"}}],"inLanguage":"fr-FR"},{"@type":"Organization","@id":"https:\/\/www.aligro.ch\/pages\/#organization","name":"ALIGRO","url":"https:\/\/www.aligro.ch\/pages\/","logo":{"@type":"ImageObject","inLanguage":"fr-FR","@id":"https:\/\/www.aligro.ch\/pages\/#\/schema\/logo\/image\/","url":"https:\/\/www.aligro.ch\/pages\/wp-content\/uploads\/2018\/10\/Logo@4x.png","contentUrl":"https:\/\/www.aligro.ch\/pages\/wp-content\/uploads\/2018\/10\/Logo@4x.png","width":1831,"height":228,"caption":"ALIGRO"},"image":{"@id":"https:\/\/www.aligro.ch\/pages\/#\/schema\/logo\/image\/"},"sameAs":["https:\/\/fb.com\/aligrosuisse"]}]}},"_links":{"self":[{"href":"https:\/\/www.aligro.ch\/pages\/wp-json\/wp\/v2\/pages\/70722","targetHints":{"allow":["GET"]}}],"collection":[{"href":"https:\/\/www.aligro.ch\/pages\/wp-json\/wp\/v2\/pages"}],"about":[{"href":"https:\/\/www.aligro.ch\/pages\/wp-json\/wp\/v2\/types\/page"}],"author":[{"embeddable":true,"href":"https:\/\/www.aligro.ch\/pages\/wp-json\/wp\/v2\/users\/9"}],"replies":[{"embeddable":true,"href":"https:\/\/www.aligro.ch\/pages\/wp-json\/wp\/v2\/comments?post=70722"}],"version-history":[{"count":1,"href":"https:\/\/www.aligro.ch\/pages\/wp-json\/wp\/v2\/pages\/70722\/revisions"}],"predecessor-version":[{"id":70723,"href":"https:\/\/www.aligro.ch\/pages\/wp-json\/wp\/v2\/pages\/70722\/revisions\/70723"}],"wp:featuredmedia":[{"embeddable":true,"href":"https:\/\/www.aligro.ch\/pages\/wp-json\/wp\/v2\/media\/70717"}],"wp:attachment":[{"href":"https:\/\/www.aligro.ch\/pages\/wp-json\/wp\/v2\/media?parent=70722"}],"curies":[{"name":"wp","href":"https:\/\/api.w.org\/{rel}","templated":true}]}}