{"id":23632,"date":"2021-03-03T11:05:17","date_gmt":"2021-03-03T10:05:17","guid":{"rendered":"https:\/\/www.aligro.ch\/pages\/?page_id=23632"},"modified":"2024-01-10T15:42:50","modified_gmt":"2024-01-10T14:42:50","slug":"aktuell-bei-aligro","status":"publish","type":"page","link":"https:\/\/www.aligro.ch\/pages\/de\/aktuell-bei-aligro\/","title":{"rendered":"Aktuell bei ALIGRO"},"content":{"rendered":"<div class=\"wpb-content-wrapper\"><p>[vc_row][vc_column width=\u00a0\u00bb1\/4&Prime;][\/vc_column][vc_column width=\u00a0\u00bb1\/2&Prime;][vc_column_text]Hier finden Sie aktuelles \u00fcber die Aligro-M\u00e4rkte, sowie unsere Tipps f\u00fcr Feinschmecker, die sowohl qualitativ hochwertige Produkte, als auch Fast-Food m\u00f6gen![\/vc_column_text][vc_separator][vc_row_inner][vc_column_inner width=\u00a0\u00bb1\/3&Prime;][vc_icon icon_fontawesome=\u00a0\u00bbfa fa-facebook\u00a0\u00bb color=\u00a0\u00bbcustom\u00a0\u00bb align=\u00a0\u00bbcenter\u00a0\u00bb custom_color=\u00a0\u00bb#3b5998&Prime; link=\u00a0\u00bburl:https%3A%2F%2Fwww.facebook.com%2Faligrosuisse|title:ALIGRO%20sut%20Facebook|target:%20_blank|\u00a0\u00bb][\/vc_column_inner][vc_column_inner width=\u00a0\u00bb1\/3&Prime;][vc_icon icon_fontawesome=\u00a0\u00bbfa fa-instagram\u00a0\u00bb color=\u00a0\u00bbcustom\u00a0\u00bb align=\u00a0\u00bbcenter\u00a0\u00bb custom_color=\u00a0\u00bb#bc2a8d\u00a0\u00bb link=\u00a0\u00bburl:https%3A%2F%2Fwww.instagram.com%2Faligro.ch|title:ALIGRO%20sur%20Instagram|target:%20_blank|\u00a0\u00bb][\/vc_column_inner][vc_column_inner width=\u00a0\u00bb1\/3&Prime;][vc_icon icon_fontawesome=\u00a0\u00bbfa fa-linkedin\u00a0\u00bb color=\u00a0\u00bbcustom\u00a0\u00bb align=\u00a0\u00bbcenter\u00a0\u00bb custom_color=\u00a0\u00bb#007bb5&Prime; link=\u00a0\u00bburl:https%3A%2F%2Fwww.linkedin.com%2Fcompany%2Fdemaurex-%26-cie-sa|title:ALIGRO%20sur%20LinkedIn|target:%20_blank|\u00a0\u00bb][\/vc_column_inner][\/vc_row_inner][vc_separator][\/vc_column][vc_column width=\u00a0\u00bb1\/4&Prime;][\/vc_column][\/vc_row][vc_row el_class=\u00a0\u00bballNews\u00a0\u00bb][vc_column][vc_masonry_grid post_type=\u00a0\u00bbpost\u00a0\u00bb max_items=\u00a0\u00bb-1&Prime; style=\u00a0\u00bbload-more\u00a0\u00bb items_per_page=\u00a0\u00bb20&Prime; btn_title=\u00a0\u00bbVoir plus\u00a0\u00bb btn_color=\u00a0\u00bbdefault\u00a0\u00bb grid_id=\u00a0\u00bbvc_gid:1704897350009-02969a00-296b-9&Prime; el_class=\u00a0\u00bballNews\u00a0\u00bb taxonomies=\u00a0\u00bb7, 268, 140, 220, 148, 150, 273, 227, 142, 144&Prime;][\/vc_column][\/vc_row]<\/p>\n<\/div>","protected":false},"excerpt":{"rendered":"<p>[vc_row][vc_column width=\u00a0\u00bb1\/4&Prime;][\/vc_column][vc_column width=\u00a0\u00bb1\/2&Prime;][vc_column_text]Hier finden Sie aktuelles \u00fcber die Aligro-M\u00e4rkte, sowie unsere Tipps f\u00fcr Feinschmecker, die sowohl qualitativ hochwertige<a class=\"moretag\" href=\"https:\/\/www.aligro.ch\/pages\/de\/aktuell-bei-aligro\/\"> &#8230;<\/a><\/p>\n","protected":false},"author":2,"featured_media":0,"parent":0,"menu_order":0,"comment_status":"closed","ping_status":"closed","template":"","meta":{"_acf_changed":false,"footnotes":""},"class_list":["post-23632","page","type-page","status-publish","hentry"],"acf":[],"yoast_head":"<!-- This site is optimized with the Yoast SEO plugin v27.5 - https:\/\/yoast.com\/product\/yoast-seo-wordpress\/ -->\n<title>Aktuell bei ALIGRO - Die neusten Tipps und weitere Gourmet-Infos<\/title>\n<meta name=\"description\" content=\"Entdecken Sie die neusten Infos aus Ihren ALIGRO-M\u00e4rkten, unsere Tipps f\u00fcr Gourmets und Aktuelles aus der Gastronomie\" \/>\n<meta name=\"robots\" content=\"index, follow, max-snippet:-1, max-image-preview:large, max-video-preview:-1\" \/>\n<link rel=\"canonical\" href=\"https:\/\/www.aligro.ch\/pages\/de\/aktuell-bei-aligro\/\" \/>\n<meta property=\"og:locale\" content=\"fr_FR\" \/>\n<meta property=\"og:type\" content=\"article\" \/>\n<meta property=\"og:title\" content=\"Aktuell bei ALIGRO - Die neusten Tipps und weitere Gourmet-Infos\" \/>\n<meta property=\"og:description\" content=\"Entdecken Sie die neusten Infos aus Ihren ALIGRO-M\u00e4rkten, unsere Tipps f\u00fcr Gourmets und Aktuelles aus der Gastronomie\" \/>\n<meta property=\"og:url\" content=\"https:\/\/www.aligro.ch\/pages\/de\/aktuell-bei-aligro\/\" \/>\n<meta property=\"og:site_name\" content=\"ALIGRO\" \/>\n<meta property=\"article:publisher\" content=\"https:\/\/fb.com\/aligrosuisse\" \/>\n<meta property=\"article:modified_time\" content=\"2024-01-10T14:42:50+00:00\" \/>\n<meta property=\"og:image\" content=\"https:\/\/www.aligro.ch\/pages\/wp-content\/uploads\/2018\/05\/PageBanner_Independant_1280x960_05.jpg\" \/>\n\t<meta property=\"og:image:width\" content=\"1280\" \/>\n\t<meta property=\"og:image:height\" content=\"960\" \/>\n\t<meta property=\"og:image:type\" content=\"image\/jpeg\" \/>\n<meta name=\"twitter:card\" content=\"summary_large_image\" \/>\n<meta name=\"twitter:label1\" content=\"Dur\u00e9e de lecture estim\u00e9e\" \/>\n\t<meta name=\"twitter:data1\" content=\"1 minute\" \/>\n<script type=\"application\/ld+json\" class=\"yoast-schema-graph\">{\"@context\":\"https:\\\/\\\/schema.org\",\"@graph\":[{\"@type\":\"WebPage\",\"@id\":\"https:\\\/\\\/www.aligro.ch\\\/pages\\\/de\\\/aktuell-bei-aligro\\\/\",\"url\":\"https:\\\/\\\/www.aligro.ch\\\/pages\\\/de\\\/aktuell-bei-aligro\\\/\",\"name\":\"Aktuell bei ALIGRO - Die neusten Tipps und weitere Gourmet-Infos\",\"isPartOf\":{\"@id\":\"https:\\\/\\\/www.aligro.ch\\\/pages\\\/#website\"},\"datePublished\":\"2021-03-03T10:05:17+00:00\",\"dateModified\":\"2024-01-10T14:42:50+00:00\",\"description\":\"Entdecken Sie die neusten Infos aus Ihren ALIGRO-M\u00e4rkten, unsere Tipps f\u00fcr Gourmets und Aktuelles aus der Gastronomie\",\"breadcrumb\":{\"@id\":\"https:\\\/\\\/www.aligro.ch\\\/pages\\\/de\\\/aktuell-bei-aligro\\\/#breadcrumb\"},\"inLanguage\":\"fr-FR\",\"potentialAction\":[{\"@type\":\"ReadAction\",\"target\":[\"https:\\\/\\\/www.aligro.ch\\\/pages\\\/de\\\/aktuell-bei-aligro\\\/\"]}]},{\"@type\":\"BreadcrumbList\",\"@id\":\"https:\\\/\\\/www.aligro.ch\\\/pages\\\/de\\\/aktuell-bei-aligro\\\/#breadcrumb\",\"itemListElement\":[{\"@type\":\"ListItem\",\"position\":1,\"name\":\"Accueil\",\"item\":\"https:\\\/\\\/www.aligro.ch\\\/pages\\\/de\\\/aligro-academy\\\/\"},{\"@type\":\"ListItem\",\"position\":2,\"name\":\"Aktuell bei ALIGRO\"}]},{\"@type\":\"WebSite\",\"@id\":\"https:\\\/\\\/www.aligro.ch\\\/pages\\\/#website\",\"url\":\"https:\\\/\\\/www.aligro.ch\\\/pages\\\/\",\"name\":\"ALIGRO\",\"description\":\"Fra\u00eecheur. Qualit\u00e9. Inspiration.\",\"publisher\":{\"@id\":\"https:\\\/\\\/www.aligro.ch\\\/pages\\\/#organization\"},\"potentialAction\":[{\"@type\":\"SearchAction\",\"target\":{\"@type\":\"EntryPoint\",\"urlTemplate\":\"https:\\\/\\\/www.aligro.ch\\\/pages\\\/?s={search_term_string}\"},\"query-input\":{\"@type\":\"PropertyValueSpecification\",\"valueRequired\":true,\"valueName\":\"search_term_string\"}}],\"inLanguage\":\"fr-FR\"},{\"@type\":\"Organization\",\"@id\":\"https:\\\/\\\/www.aligro.ch\\\/pages\\\/#organization\",\"name\":\"ALIGRO\",\"url\":\"https:\\\/\\\/www.aligro.ch\\\/pages\\\/\",\"logo\":{\"@type\":\"ImageObject\",\"inLanguage\":\"fr-FR\",\"@id\":\"https:\\\/\\\/www.aligro.ch\\\/pages\\\/#\\\/schema\\\/logo\\\/image\\\/\",\"url\":\"https:\\\/\\\/www.aligro.ch\\\/pages\\\/wp-content\\\/uploads\\\/2018\\\/10\\\/Logo@4x.png\",\"contentUrl\":\"https:\\\/\\\/www.aligro.ch\\\/pages\\\/wp-content\\\/uploads\\\/2018\\\/10\\\/Logo@4x.png\",\"width\":1831,\"height\":228,\"caption\":\"ALIGRO\"},\"image\":{\"@id\":\"https:\\\/\\\/www.aligro.ch\\\/pages\\\/#\\\/schema\\\/logo\\\/image\\\/\"},\"sameAs\":[\"https:\\\/\\\/fb.com\\\/aligrosuisse\"]}]}<\/script>\n<!-- \/ Yoast SEO plugin. -->","yoast_head_json":{"title":"Aktuell bei ALIGRO - Die neusten Tipps und weitere Gourmet-Infos","description":"Entdecken Sie die neusten Infos aus Ihren ALIGRO-M\u00e4rkten, unsere Tipps f\u00fcr Gourmets und Aktuelles aus der Gastronomie","robots":{"index":"index","follow":"follow","max-snippet":"max-snippet:-1","max-image-preview":"max-image-preview:large","max-video-preview":"max-video-preview:-1"},"canonical":"https:\/\/www.aligro.ch\/pages\/de\/aktuell-bei-aligro\/","og_locale":"fr_FR","og_type":"article","og_title":"Aktuell bei ALIGRO - Die neusten Tipps und weitere Gourmet-Infos","og_description":"Entdecken Sie die neusten Infos aus Ihren ALIGRO-M\u00e4rkten, unsere Tipps f\u00fcr Gourmets und Aktuelles aus der Gastronomie","og_url":"https:\/\/www.aligro.ch\/pages\/de\/aktuell-bei-aligro\/","og_site_name":"ALIGRO","article_publisher":"https:\/\/fb.com\/aligrosuisse","article_modified_time":"2024-01-10T14:42:50+00:00","og_image":[{"width":1280,"height":960,"url":"https:\/\/www.aligro.ch\/pages\/wp-content\/uploads\/2018\/05\/PageBanner_Independant_1280x960_05.jpg","type":"image\/jpeg"}],"twitter_card":"summary_large_image","twitter_misc":{"Dur\u00e9e de lecture estim\u00e9e":"1 minute"},"schema":{"@context":"https:\/\/schema.org","@graph":[{"@type":"WebPage","@id":"https:\/\/www.aligro.ch\/pages\/de\/aktuell-bei-aligro\/","url":"https:\/\/www.aligro.ch\/pages\/de\/aktuell-bei-aligro\/","name":"Aktuell bei ALIGRO - Die neusten Tipps und weitere Gourmet-Infos","isPartOf":{"@id":"https:\/\/www.aligro.ch\/pages\/#website"},"datePublished":"2021-03-03T10:05:17+00:00","dateModified":"2024-01-10T14:42:50+00:00","description":"Entdecken Sie die neusten Infos aus Ihren ALIGRO-M\u00e4rkten, unsere Tipps f\u00fcr Gourmets und Aktuelles aus der Gastronomie","breadcrumb":{"@id":"https:\/\/www.aligro.ch\/pages\/de\/aktuell-bei-aligro\/#breadcrumb"},"inLanguage":"fr-FR","potentialAction":[{"@type":"ReadAction","target":["https:\/\/www.aligro.ch\/pages\/de\/aktuell-bei-aligro\/"]}]},{"@type":"BreadcrumbList","@id":"https:\/\/www.aligro.ch\/pages\/de\/aktuell-bei-aligro\/#breadcrumb","itemListElement":[{"@type":"ListItem","position":1,"name":"Accueil","item":"https:\/\/www.aligro.ch\/pages\/de\/aligro-academy\/"},{"@type":"ListItem","position":2,"name":"Aktuell bei ALIGRO"}]},{"@type":"WebSite","@id":"https:\/\/www.aligro.ch\/pages\/#website","url":"https:\/\/www.aligro.ch\/pages\/","name":"ALIGRO","description":"Fra\u00eecheur. Qualit\u00e9. Inspiration.","publisher":{"@id":"https:\/\/www.aligro.ch\/pages\/#organization"},"potentialAction":[{"@type":"SearchAction","target":{"@type":"EntryPoint","urlTemplate":"https:\/\/www.aligro.ch\/pages\/?s={search_term_string}"},"query-input":{"@type":"PropertyValueSpecification","valueRequired":true,"valueName":"search_term_string"}}],"inLanguage":"fr-FR"},{"@type":"Organization","@id":"https:\/\/www.aligro.ch\/pages\/#organization","name":"ALIGRO","url":"https:\/\/www.aligro.ch\/pages\/","logo":{"@type":"ImageObject","inLanguage":"fr-FR","@id":"https:\/\/www.aligro.ch\/pages\/#\/schema\/logo\/image\/","url":"https:\/\/www.aligro.ch\/pages\/wp-content\/uploads\/2018\/10\/Logo@4x.png","contentUrl":"https:\/\/www.aligro.ch\/pages\/wp-content\/uploads\/2018\/10\/Logo@4x.png","width":1831,"height":228,"caption":"ALIGRO"},"image":{"@id":"https:\/\/www.aligro.ch\/pages\/#\/schema\/logo\/image\/"},"sameAs":["https:\/\/fb.com\/aligrosuisse"]}]}},"_links":{"self":[{"href":"https:\/\/www.aligro.ch\/pages\/wp-json\/wp\/v2\/pages\/23632","targetHints":{"allow":["GET"]}}],"collection":[{"href":"https:\/\/www.aligro.ch\/pages\/wp-json\/wp\/v2\/pages"}],"about":[{"href":"https:\/\/www.aligro.ch\/pages\/wp-json\/wp\/v2\/types\/page"}],"author":[{"embeddable":true,"href":"https:\/\/www.aligro.ch\/pages\/wp-json\/wp\/v2\/users\/2"}],"replies":[{"embeddable":true,"href":"https:\/\/www.aligro.ch\/pages\/wp-json\/wp\/v2\/comments?post=23632"}],"version-history":[{"count":4,"href":"https:\/\/www.aligro.ch\/pages\/wp-json\/wp\/v2\/pages\/23632\/revisions"}],"predecessor-version":[{"id":68826,"href":"https:\/\/www.aligro.ch\/pages\/wp-json\/wp\/v2\/pages\/23632\/revisions\/68826"}],"wp:attachment":[{"href":"https:\/\/www.aligro.ch\/pages\/wp-json\/wp\/v2\/media?parent=23632"}],"curies":[{"name":"wp","href":"https:\/\/api.w.org\/{rel}","templated":true}]}}