{"id":166,"date":"2017-07-19T15:41:39","date_gmt":"2017-07-19T13:41:39","guid":{"rendered":"http:\/\/dev-wordpress.aligro.ch\/?page_id=166"},"modified":"2026-01-14T12:39:59","modified_gmt":"2026-01-14T11:39:59","slug":"boulangerie","status":"publish","type":"page","link":"https:\/\/www.aligro.ch\/pages\/fr\/produits\/produits-frais\/boulangerie\/","title":{"rendered":"Boulangerie et p\u00e2tisserie"},"content":{"rendered":"<div class=\"wpb-content-wrapper\"><p>[vc_row][vc_column][vc_column_text css=\u00a0\u00bb\u00a0\u00bb]Nos boulangers r\u00e9alisent chaque jour plus de 90 sortes de pains, viennoiseries et sp\u00e9cialit\u00e9s r\u00e9gionales dans nos boulangeries artisanales de Chavannes-Renens, Gen\u00e8ve, Sion, Matran, Berne, Schlieren, Rapperswil-Jona, Br\u00fcttisellen et Wangs-Sargans. Dans tous nos march\u00e9s, nous offrons en plus un large assortiment d\u2019ingr\u00e9dients pour la boulangerie et la p\u00e2tisserie.<\/p>\n<p><a href=\"http:\/\/aligro.ch\/actions\/1410-pains-frais\">Pains frais<\/a><br \/>\n<a href=\"http:\/\/aligro.ch\/actions\/1411-patisseries\">P\u00e2tisseries<\/a><br \/>\n<a href=\"http:\/\/aligro.ch\/actions\/1412-a-tartiner\">\u00c0 tartiner<\/a><br \/>\n<a href=\"http:\/\/aligro.ch\/actions\/1413-pains-biscottes\">Pains et biscottes<\/a><br \/>\n<a href=\"http:\/\/aligro.ch\/actions\/1414-cereales-et-mueslis\">C\u00e9r\u00e9ales et mueslis<\/a><br \/>\n<a href=\"http:\/\/aligro.ch\/actions\/1415-ingredients-pour-la-patisserie\">Ingr\u00e9dients pour la p\u00e2tisserie<\/a><br \/>\n<a href=\"http:\/\/aligro.ch\/actions\/1416-surgeles-boulangerie-patisseries\">Surgel\u00e9s<\/a> (boulangerie, p\u00e2tisseries)<\/p>\n<div class=\"greyBoxCategory\">\n<h2>D\u00e9couvrez nos actions du secteur boulangerie-p\u00e2tisserie<\/h2>\n<p><a class=\"btn btn-primary btn-large\" style=\"border-radius: 25px; font-weight: normal; font-size: .8em; padding: .75em 1.5em; letter-spacing: normal;\" href=\"https:\/\/www.aligro.ch\/actions\/18-boulangerie-patisserie\">VOIR LES ACTIONS<\/a><\/p>\n<\/div>\n<p>[\/vc_column_text][\/vc_column][\/vc_row]<\/p>\n<\/div>","protected":false},"excerpt":{"rendered":"<p>[vc_row][vc_column][vc_column_text css=\u00a0\u00bb\u00a0\u00bb]Nos boulangers r\u00e9alisent chaque jour plus de 90 sortes de pains, viennoiseries et sp\u00e9cialit\u00e9s r\u00e9gionales dans nos<a class=\"moretag\" href=\"https:\/\/www.aligro.ch\/pages\/fr\/produits\/produits-frais\/boulangerie\/\"> &#8230;<\/a><\/p>\n","protected":false},"author":9,"featured_media":1720,"parent":140,"menu_order":5,"comment_status":"closed","ping_status":"closed","template":"","meta":{"_acf_changed":false,"footnotes":""},"class_list":["post-166","page","type-page","status-publish","has-post-thumbnail","hentry"],"acf":[],"yoast_head":"<!-- This site is optimized with the Yoast SEO plugin v27.3 - https:\/\/yoast.com\/product\/yoast-seo-wordpress\/ -->\n<title>Boulangerie et p\u00e2tisserie - ALIGRO<\/title>\n<meta name=\"description\" content=\"Tout au long de la journ\u00e9e nos \u00e9quipes de boulangers p\u00e9trissent, malaxent, fa\u00e7onnent et cuisent plus de 130 pains et viennoiseries selon des recettes et m\u00e9thodes traditionnelles. La carte client professionnel permet de b\u00e9n\u00e9ficier de 20% de rabais en permanence sur tout l\u2019assortiment de notre\u00a0boulangerie artisanale.\" \/>\n<meta name=\"robots\" content=\"index, follow, max-snippet:-1, max-image-preview:large, max-video-preview:-1\" \/>\n<link rel=\"canonical\" href=\"https:\/\/www.aligro.ch\/pages\/fr\/produits\/produits-frais\/boulangerie\/\" \/>\n<meta property=\"og:locale\" content=\"fr_FR\" \/>\n<meta property=\"og:type\" content=\"article\" \/>\n<meta property=\"og:title\" content=\"Boulangerie et p\u00e2tisserie - ALIGRO\" \/>\n<meta property=\"og:description\" content=\"Tout au long de la journ\u00e9e nos \u00e9quipes de boulangers p\u00e9trissent, malaxent, fa\u00e7onnent et cuisent plus de 130 pains et viennoiseries selon des recettes et m\u00e9thodes traditionnelles. La carte client professionnel permet de b\u00e9n\u00e9ficier de 20% de rabais en permanence sur tout l\u2019assortiment de notre\u00a0boulangerie artisanale.\" \/>\n<meta property=\"og:url\" content=\"https:\/\/www.aligro.ch\/pages\/fr\/produits\/produits-frais\/boulangerie\/\" \/>\n<meta property=\"og:site_name\" content=\"ALIGRO\" \/>\n<meta property=\"article:publisher\" content=\"https:\/\/fb.com\/aligrosuisse\" \/>\n<meta property=\"article:modified_time\" content=\"2026-01-14T11:39:59+00:00\" \/>\n<meta property=\"og:image\" content=\"https:\/\/www.aligro.ch\/pages\/wp-content\/uploads\/2018\/04\/BoulangerieArtisanale01-1280x960px.jpg\" \/>\n\t<meta property=\"og:image:width\" content=\"1280\" \/>\n\t<meta property=\"og:image:height\" content=\"680\" \/>\n\t<meta property=\"og:image:type\" content=\"image\/jpeg\" \/>\n<meta name=\"twitter:card\" content=\"summary_large_image\" \/>\n<meta name=\"twitter:label1\" content=\"Dur\u00e9e de lecture estim\u00e9e\" \/>\n\t<meta name=\"twitter:data1\" content=\"1 minute\" \/>\n<script type=\"application\/ld+json\" class=\"yoast-schema-graph\">{\"@context\":\"https:\\\/\\\/schema.org\",\"@graph\":[{\"@type\":\"WebPage\",\"@id\":\"https:\\\/\\\/www.aligro.ch\\\/pages\\\/fr\\\/produits\\\/produits-frais\\\/boulangerie\\\/\",\"url\":\"https:\\\/\\\/www.aligro.ch\\\/pages\\\/fr\\\/produits\\\/produits-frais\\\/boulangerie\\\/\",\"name\":\"Boulangerie et p\u00e2tisserie - ALIGRO\",\"isPartOf\":{\"@id\":\"https:\\\/\\\/www.aligro.ch\\\/pages\\\/#website\"},\"primaryImageOfPage\":{\"@id\":\"https:\\\/\\\/www.aligro.ch\\\/pages\\\/fr\\\/produits\\\/produits-frais\\\/boulangerie\\\/#primaryimage\"},\"image\":{\"@id\":\"https:\\\/\\\/www.aligro.ch\\\/pages\\\/fr\\\/produits\\\/produits-frais\\\/boulangerie\\\/#primaryimage\"},\"thumbnailUrl\":\"https:\\\/\\\/www.aligro.ch\\\/pages\\\/wp-content\\\/uploads\\\/2018\\\/04\\\/BoulangerieArtisanale01-1280x960px.jpg\",\"datePublished\":\"2017-07-19T13:41:39+00:00\",\"dateModified\":\"2026-01-14T11:39:59+00:00\",\"description\":\"Tout au long de la journ\u00e9e nos \u00e9quipes de boulangers p\u00e9trissent, malaxent, fa\u00e7onnent et cuisent plus de 130 pains et viennoiseries selon des recettes et m\u00e9thodes traditionnelles. La carte client professionnel permet de b\u00e9n\u00e9ficier de 20% de rabais en permanence sur tout l\u2019assortiment de notre\u00a0boulangerie artisanale.\",\"breadcrumb\":{\"@id\":\"https:\\\/\\\/www.aligro.ch\\\/pages\\\/fr\\\/produits\\\/produits-frais\\\/boulangerie\\\/#breadcrumb\"},\"inLanguage\":\"fr-FR\",\"potentialAction\":[{\"@type\":\"ReadAction\",\"target\":[\"https:\\\/\\\/www.aligro.ch\\\/pages\\\/fr\\\/produits\\\/produits-frais\\\/boulangerie\\\/\"]}]},{\"@type\":\"ImageObject\",\"inLanguage\":\"fr-FR\",\"@id\":\"https:\\\/\\\/www.aligro.ch\\\/pages\\\/fr\\\/produits\\\/produits-frais\\\/boulangerie\\\/#primaryimage\",\"url\":\"https:\\\/\\\/www.aligro.ch\\\/pages\\\/wp-content\\\/uploads\\\/2018\\\/04\\\/BoulangerieArtisanale01-1280x960px.jpg\",\"contentUrl\":\"https:\\\/\\\/www.aligro.ch\\\/pages\\\/wp-content\\\/uploads\\\/2018\\\/04\\\/BoulangerieArtisanale01-1280x960px.jpg\",\"width\":1280,\"height\":680,\"caption\":\"Aligro, secteur boulangerie artisanale\"},{\"@type\":\"BreadcrumbList\",\"@id\":\"https:\\\/\\\/www.aligro.ch\\\/pages\\\/fr\\\/produits\\\/produits-frais\\\/boulangerie\\\/#breadcrumb\",\"itemListElement\":[{\"@type\":\"ListItem\",\"position\":1,\"name\":\"Accueil\",\"item\":\"https:\\\/\\\/www.aligro.ch\\\/pages\\\/de\\\/aligro-academy\\\/\"},{\"@type\":\"ListItem\",\"position\":2,\"name\":\"OFFRE\",\"item\":\"https:\\\/\\\/www.aligro.ch\\\/pages\\\/fr\\\/produits\\\/\"},{\"@type\":\"ListItem\",\"position\":3,\"name\":\"Produits frais\",\"item\":\"https:\\\/\\\/www.aligro.ch\\\/pages\\\/fr\\\/produits\\\/produits-frais\\\/\"},{\"@type\":\"ListItem\",\"position\":4,\"name\":\"Boulangerie et p\u00e2tisserie\"}]},{\"@type\":\"WebSite\",\"@id\":\"https:\\\/\\\/www.aligro.ch\\\/pages\\\/#website\",\"url\":\"https:\\\/\\\/www.aligro.ch\\\/pages\\\/\",\"name\":\"ALIGRO\",\"description\":\"Fra\u00eecheur. Qualit\u00e9. Inspiration.\",\"publisher\":{\"@id\":\"https:\\\/\\\/www.aligro.ch\\\/pages\\\/#organization\"},\"potentialAction\":[{\"@type\":\"SearchAction\",\"target\":{\"@type\":\"EntryPoint\",\"urlTemplate\":\"https:\\\/\\\/www.aligro.ch\\\/pages\\\/?s={search_term_string}\"},\"query-input\":{\"@type\":\"PropertyValueSpecification\",\"valueRequired\":true,\"valueName\":\"search_term_string\"}}],\"inLanguage\":\"fr-FR\"},{\"@type\":\"Organization\",\"@id\":\"https:\\\/\\\/www.aligro.ch\\\/pages\\\/#organization\",\"name\":\"ALIGRO\",\"url\":\"https:\\\/\\\/www.aligro.ch\\\/pages\\\/\",\"logo\":{\"@type\":\"ImageObject\",\"inLanguage\":\"fr-FR\",\"@id\":\"https:\\\/\\\/www.aligro.ch\\\/pages\\\/#\\\/schema\\\/logo\\\/image\\\/\",\"url\":\"https:\\\/\\\/www.aligro.ch\\\/pages\\\/wp-content\\\/uploads\\\/2018\\\/10\\\/Logo@4x.png\",\"contentUrl\":\"https:\\\/\\\/www.aligro.ch\\\/pages\\\/wp-content\\\/uploads\\\/2018\\\/10\\\/Logo@4x.png\",\"width\":1831,\"height\":228,\"caption\":\"ALIGRO\"},\"image\":{\"@id\":\"https:\\\/\\\/www.aligro.ch\\\/pages\\\/#\\\/schema\\\/logo\\\/image\\\/\"},\"sameAs\":[\"https:\\\/\\\/fb.com\\\/aligrosuisse\"]}]}<\/script>\n<!-- \/ Yoast SEO plugin. -->","yoast_head_json":{"title":"Boulangerie et p\u00e2tisserie - ALIGRO","description":"Tout au long de la journ\u00e9e nos \u00e9quipes de boulangers p\u00e9trissent, malaxent, fa\u00e7onnent et cuisent plus de 130 pains et viennoiseries selon des recettes et m\u00e9thodes traditionnelles. La carte client professionnel permet de b\u00e9n\u00e9ficier de 20% de rabais en permanence sur tout l\u2019assortiment de notre\u00a0boulangerie artisanale.","robots":{"index":"index","follow":"follow","max-snippet":"max-snippet:-1","max-image-preview":"max-image-preview:large","max-video-preview":"max-video-preview:-1"},"canonical":"https:\/\/www.aligro.ch\/pages\/fr\/produits\/produits-frais\/boulangerie\/","og_locale":"fr_FR","og_type":"article","og_title":"Boulangerie et p\u00e2tisserie - ALIGRO","og_description":"Tout au long de la journ\u00e9e nos \u00e9quipes de boulangers p\u00e9trissent, malaxent, fa\u00e7onnent et cuisent plus de 130 pains et viennoiseries selon des recettes et m\u00e9thodes traditionnelles. La carte client professionnel permet de b\u00e9n\u00e9ficier de 20% de rabais en permanence sur tout l\u2019assortiment de notre\u00a0boulangerie artisanale.","og_url":"https:\/\/www.aligro.ch\/pages\/fr\/produits\/produits-frais\/boulangerie\/","og_site_name":"ALIGRO","article_publisher":"https:\/\/fb.com\/aligrosuisse","article_modified_time":"2026-01-14T11:39:59+00:00","og_image":[{"width":1280,"height":680,"url":"https:\/\/www.aligro.ch\/pages\/wp-content\/uploads\/2018\/04\/BoulangerieArtisanale01-1280x960px.jpg","type":"image\/jpeg"}],"twitter_card":"summary_large_image","twitter_misc":{"Dur\u00e9e de lecture estim\u00e9e":"1 minute"},"schema":{"@context":"https:\/\/schema.org","@graph":[{"@type":"WebPage","@id":"https:\/\/www.aligro.ch\/pages\/fr\/produits\/produits-frais\/boulangerie\/","url":"https:\/\/www.aligro.ch\/pages\/fr\/produits\/produits-frais\/boulangerie\/","name":"Boulangerie et p\u00e2tisserie - ALIGRO","isPartOf":{"@id":"https:\/\/www.aligro.ch\/pages\/#website"},"primaryImageOfPage":{"@id":"https:\/\/www.aligro.ch\/pages\/fr\/produits\/produits-frais\/boulangerie\/#primaryimage"},"image":{"@id":"https:\/\/www.aligro.ch\/pages\/fr\/produits\/produits-frais\/boulangerie\/#primaryimage"},"thumbnailUrl":"https:\/\/www.aligro.ch\/pages\/wp-content\/uploads\/2018\/04\/BoulangerieArtisanale01-1280x960px.jpg","datePublished":"2017-07-19T13:41:39+00:00","dateModified":"2026-01-14T11:39:59+00:00","description":"Tout au long de la journ\u00e9e nos \u00e9quipes de boulangers p\u00e9trissent, malaxent, fa\u00e7onnent et cuisent plus de 130 pains et viennoiseries selon des recettes et m\u00e9thodes traditionnelles. La carte client professionnel permet de b\u00e9n\u00e9ficier de 20% de rabais en permanence sur tout l\u2019assortiment de notre\u00a0boulangerie artisanale.","breadcrumb":{"@id":"https:\/\/www.aligro.ch\/pages\/fr\/produits\/produits-frais\/boulangerie\/#breadcrumb"},"inLanguage":"fr-FR","potentialAction":[{"@type":"ReadAction","target":["https:\/\/www.aligro.ch\/pages\/fr\/produits\/produits-frais\/boulangerie\/"]}]},{"@type":"ImageObject","inLanguage":"fr-FR","@id":"https:\/\/www.aligro.ch\/pages\/fr\/produits\/produits-frais\/boulangerie\/#primaryimage","url":"https:\/\/www.aligro.ch\/pages\/wp-content\/uploads\/2018\/04\/BoulangerieArtisanale01-1280x960px.jpg","contentUrl":"https:\/\/www.aligro.ch\/pages\/wp-content\/uploads\/2018\/04\/BoulangerieArtisanale01-1280x960px.jpg","width":1280,"height":680,"caption":"Aligro, secteur boulangerie artisanale"},{"@type":"BreadcrumbList","@id":"https:\/\/www.aligro.ch\/pages\/fr\/produits\/produits-frais\/boulangerie\/#breadcrumb","itemListElement":[{"@type":"ListItem","position":1,"name":"Accueil","item":"https:\/\/www.aligro.ch\/pages\/de\/aligro-academy\/"},{"@type":"ListItem","position":2,"name":"OFFRE","item":"https:\/\/www.aligro.ch\/pages\/fr\/produits\/"},{"@type":"ListItem","position":3,"name":"Produits frais","item":"https:\/\/www.aligro.ch\/pages\/fr\/produits\/produits-frais\/"},{"@type":"ListItem","position":4,"name":"Boulangerie et p\u00e2tisserie"}]},{"@type":"WebSite","@id":"https:\/\/www.aligro.ch\/pages\/#website","url":"https:\/\/www.aligro.ch\/pages\/","name":"ALIGRO","description":"Fra\u00eecheur. Qualit\u00e9. Inspiration.","publisher":{"@id":"https:\/\/www.aligro.ch\/pages\/#organization"},"potentialAction":[{"@type":"SearchAction","target":{"@type":"EntryPoint","urlTemplate":"https:\/\/www.aligro.ch\/pages\/?s={search_term_string}"},"query-input":{"@type":"PropertyValueSpecification","valueRequired":true,"valueName":"search_term_string"}}],"inLanguage":"fr-FR"},{"@type":"Organization","@id":"https:\/\/www.aligro.ch\/pages\/#organization","name":"ALIGRO","url":"https:\/\/www.aligro.ch\/pages\/","logo":{"@type":"ImageObject","inLanguage":"fr-FR","@id":"https:\/\/www.aligro.ch\/pages\/#\/schema\/logo\/image\/","url":"https:\/\/www.aligro.ch\/pages\/wp-content\/uploads\/2018\/10\/Logo@4x.png","contentUrl":"https:\/\/www.aligro.ch\/pages\/wp-content\/uploads\/2018\/10\/Logo@4x.png","width":1831,"height":228,"caption":"ALIGRO"},"image":{"@id":"https:\/\/www.aligro.ch\/pages\/#\/schema\/logo\/image\/"},"sameAs":["https:\/\/fb.com\/aligrosuisse"]}]}},"_links":{"self":[{"href":"https:\/\/www.aligro.ch\/pages\/wp-json\/wp\/v2\/pages\/166","targetHints":{"allow":["GET"]}}],"collection":[{"href":"https:\/\/www.aligro.ch\/pages\/wp-json\/wp\/v2\/pages"}],"about":[{"href":"https:\/\/www.aligro.ch\/pages\/wp-json\/wp\/v2\/types\/page"}],"author":[{"embeddable":true,"href":"https:\/\/www.aligro.ch\/pages\/wp-json\/wp\/v2\/users\/9"}],"replies":[{"embeddable":true,"href":"https:\/\/www.aligro.ch\/pages\/wp-json\/wp\/v2\/comments?post=166"}],"version-history":[{"count":5,"href":"https:\/\/www.aligro.ch\/pages\/wp-json\/wp\/v2\/pages\/166\/revisions"}],"predecessor-version":[{"id":101720,"href":"https:\/\/www.aligro.ch\/pages\/wp-json\/wp\/v2\/pages\/166\/revisions\/101720"}],"up":[{"embeddable":true,"href":"https:\/\/www.aligro.ch\/pages\/wp-json\/wp\/v2\/pages\/140"}],"wp:featuredmedia":[{"embeddable":true,"href":"https:\/\/www.aligro.ch\/pages\/wp-json\/wp\/v2\/media\/1720"}],"wp:attachment":[{"href":"https:\/\/www.aligro.ch\/pages\/wp-json\/wp\/v2\/media?parent=166"}],"curies":[{"name":"wp","href":"https:\/\/api.w.org\/{rel}","templated":true}]}}