{"id":1484,"date":"2018-02-16T11:46:54","date_gmt":"2018-02-16T10:46:54","guid":{"rendered":"http:\/\/dev.aligro.ch\/pages\/?page_id=1484"},"modified":"2023-12-18T14:26:31","modified_gmt":"2023-12-18T13:26:31","slug":"contact","status":"publish","type":"page","link":"https:\/\/www.aligro.ch\/pages\/fr\/contact\/","title":{"rendered":"Formulaire de contact"},"content":{"rendered":"<div class=\"wpb-content-wrapper\"><p>[vc_row][vc_column][vc_column_text]<\/p>\n<h2><strong>\u00c0 quel sujet souhaitez-vous nous \u00e9crire ?<\/strong><\/h2>\n<p>Pour vos questions, demandes ou commentaires, vous pouvez utiliser l\u2019un des formulaires de contact ci-dessous. Veuillez choisir le sujet de votre message, cela nous permettra ainsi de diriger votre demande vers l\u2019interlocuteur concern\u00e9.[\/vc_column_text][\/vc_column][\/vc_row][vc_row equal_height=\u00a0\u00bbyes\u00a0\u00bb content_placement=\u00a0\u00bbtop\u00a0\u00bb][vc_column width=\u00a0\u00bb1\/2&Prime;][vc_column_text el_class=\u00a0\u00bbbox_bg_hover\u00a0\u00bb]<\/p>\n<h3><strong>Annoncer un changement d\u2019adresse ou de coordonn\u00e9es<\/strong><\/h3>\n<p>Vous avez d\u00e9m\u00e9nag\u00e9 ou le responsable de votre compte a chang\u00e9 ? Faites-le nous savoir en remplissant une annonce de changement de coordonn\u00e9es.<\/p>\n<p><a class=\"btn btn-sm rounded btn-outline-primary text-uppercase px-4\" style=\"border-radius: 25px; font-weight: normal; font-size: .8em; padding: .75em 1.5em; letter-spacing: normal;\" href=\"https:\/\/www.aligro.ch\/pages\/contact\/annoncer-changement-adresse-coordonnees\/\">Annoncer un changement<\/a>[\/vc_column_text][\/vc_column][vc_column width=\u00a0\u00bb1\/2&Prime;][vc_column_text el_class=\u00a0\u00bbbox_bg_hover\u00a0\u00bb]<\/p>\n<h3><strong>Consulter les horaires des magasins et les contacts locaux<\/strong><\/h3>\n<p>Cliquez ci-dessous pour afficher les informations d\u00e9taill\u00e9es de chaque march\u00e9 ALIGRO.<\/p>\n<p><a class=\"btn btn-sm rounded btn-outline-primary text-uppercase px-4\" style=\"border-radius: 25px; font-weight: normal; font-size: .8em; padding: .75em 1.5em; letter-spacing: normal;\" href=\"https:\/\/www.aligro.ch\/marches\">Horaires &amp; march\u00e9s<\/a>[\/vc_column_text][\/vc_column][\/vc_row][vc_row equal_height=\u00a0\u00bbyes\u00a0\u00bb][vc_column width=\u00a0\u00bb1\/2&Prime;][vc_column_text el_class=\u00a0\u00bbbox_bg_hover\u00a0\u00bb]<\/p>\n<h3><strong>Question relative \u00e0 votre compte client<\/strong><\/h3>\n<p>Vous avez besoin d&rsquo;une facture ou d&rsquo;une information li\u00e9e \u00e0 votre compte que vous ne pouvez pas obtenir en ligne ? Faites-le savoir \u00e0 votre conseiller du service client\u00e8le. Saviez-vous que vous pouvez obtenir vos <a href=\"https:\/\/www.aligro.ch\/espace-client\/decomptes\/\">d\u00e9comptes<\/a> et <a href=\"https:\/\/www.aligro.ch\/espace-client\/decomptes\/\">listes d&rsquo;inventaire<\/a> en un click depuis l&rsquo;Espace Client?<\/p>\n<p><a class=\"btn btn-sm rounded btn-outline-primary text-uppercase px-4\" style=\"border-radius: 25px; font-weight: normal; font-size: .8em; padding: .75em 1.5em; letter-spacing: normal;\" href=\"https:\/\/www.aligro.ch\/pages\/contact\/question-compte-client-aligro\/\">Faire une demande<\/a>[\/vc_column_text][\/vc_column][vc_column width=\u00a0\u00bb1\/2&Prime;][vc_column_text el_class=\u00a0\u00bbbox_bg_hover\u00a0\u00bb]<\/p>\n<h3><strong>Poser une question sur un produit<\/strong><\/h3>\n<p>Vous souhaitez en savoir plus sur un produit ou conna\u00eetre sa disponibilit\u00e9, prenez contact avec votre march\u00e9 ALIGRO le plus proche.<\/p>\n<p><a class=\"btn btn-sm rounded btn-outline-primary text-uppercase px-4\" style=\"border-radius: 25px; font-weight: normal; font-size: .8em; padding: .75em 1.5em; letter-spacing: normal;\" href=\"https:\/\/www.aligro.ch\/pages\/contact\/question-produit\/\">Demande relative \u00e0 un produit<\/a>[\/vc_column_text][\/vc_column][\/vc_row][vc_row equal_height=\u00a0\u00bbyes\u00a0\u00bb][vc_column width=\u00a0\u00bb1\/2&Prime;][vc_column_text el_class=\u00a0\u00bbbox_bg_hover\u00a0\u00bb]<\/p>\n<h3><strong>Signaler un probl\u00e8me ou transmettre une r\u00e9clamation<\/strong><\/h3>\n<p>Vous souhaitez nous faire part d&rsquo;un probl\u00e8me rencontr\u00e9 avec un produit ou lors de votre visite dans l&rsquo;un de nos march\u00e9s. Nous sommes \u00e0 votre \u00e9coute, faites-nous part de votre message en cliquant sur le lien ci-dessous.<\/p>\n<p><a class=\"btn btn-sm rounded btn-outline-primary text-uppercase px-4\" style=\"border-radius: 25px; font-weight: normal; font-size: .8em; padding: .75em 1.5em; letter-spacing: normal;\" href=\"https:\/\/www.aligro.ch\/pages\/contact\/signaler-probleme-reclamation\/\">Signaler un probl\u00e8me<\/a>[\/vc_column_text][\/vc_column][vc_column width=\u00a0\u00bb1\/2&Prime;][vc_column_text el_class=\u00a0\u00bbbox_bg_hover\u00a0\u00bb]<\/p>\n<h3><strong>Autres demandes<\/strong><\/h3>\n<p>Le sujet de votre demande ne correspond pas aux propositions faites ci-avant ? Cliquez sur le bouton ci-dessous pour acc\u00e9der au formulaire g\u00e9n\u00e9ral et nous transmettre votre message.<\/p>\n<p><a class=\"btn btn-sm rounded btn-outline-primary text-uppercase px-4\" style=\"border-radius: 25px; font-weight: normal; font-size: .8em; padding: .75em 1.5em; letter-spacing: normal;\" href=\"https:\/\/www.aligro.ch\/pages\/contact\/autres-demandes\/\">FAIRE UNE DEMANDE<\/a>[\/vc_column_text][\/vc_column][\/vc_row][vc_row][vc_column][vc_text_separator title=\u00a0\u00bbFormulaires pour les fournisseurs\u00a0\u00bb color=\u00a0\u00bbcustom\u00a0\u00bb style=\u00a0\u00bbdouble\u00a0\u00bb el_width=\u00a0\u00bb70&Prime; accent_color=\u00a0\u00bb#e3000b\u00a0\u00bb][\/vc_column][\/vc_row][vc_row equal_height=\u00a0\u00bbyes\u00a0\u00bb][vc_column width=\u00a0\u00bb1\/2&Prime;][vc_column_text el_class=\u00a0\u00bbbox_bg_hover\u00a0\u00bb]<\/p>\n<h3><strong>Pr\u00e9senter un produit \u00e0 notre service d&rsquo;achats<\/strong><\/h3>\n<p>Vous souhaitez pr\u00e9senter votre produit \u00e0 ALIGRO ? Compl\u00e9tez le formulaire et faites parvenir votre offre au service comp\u00e9tent. Attention, nous recevons un grand nombre de demandes et nos ressources sont limit\u00e9es, c&rsquo;est pourquoi une r\u00e9ponse ne sera faite qu&rsquo;aux demandes jug\u00e9es int\u00e9ressantes. Nous vous remercions de votre compr\u00e9hension.<\/p>\n<p><a class=\"btn btn-sm rounded btn-outline-primary text-uppercase px-4\" style=\"border-radius: 25px; font-weight: normal; font-size: .8em; padding: .75em 1.5em; letter-spacing: normal;\" href=\"https:\/\/www.aligro.ch\/pages\/contact\/presenter-un-produit\/\">Pr\u00e9senter un produit<\/a>[\/vc_column_text][\/vc_column][vc_column width=\u00a0\u00bb1\/2&Prime;][vc_column_text el_class=\u00a0\u00bbbox_bg_hover\u00a0\u00bb]<\/p>\n<h3><strong>Question \u00e0 notre service comptabilit\u00e9<\/strong><\/h3>\n<p>Vous \u00eates un fournisseur et vous avez une question pour notre service comptabilit\u00e9 ? Cliquez sur le bouton ci-dessous et formulez votre demande au service comptable de la soci\u00e9t\u00e9 Demaurex &amp; Cie SA.<\/p>\n<p><a class=\"btn btn-sm rounded btn-outline-primary text-uppercase px-4\" style=\"border-radius: 25px; font-weight: normal; font-size: .8em; padding: .75em 1.5em; letter-spacing: normal;\" href=\"https:\/\/www.aligro.ch\/pages\/contact\/question-service-comptabilite\/\">Nous contacter<\/a>[\/vc_column_text][\/vc_column][\/vc_row][vc_row][vc_column][vc_empty_space height=\u00a0\u00bb16px\u00a0\u00bb][\/vc_column][\/vc_row]<\/p>\n<\/div>","protected":false},"excerpt":{"rendered":"<p>[vc_row][vc_column][vc_column_text] \u00c0 quel sujet souhaitez-vous nous \u00e9crire ? Pour vos questions, demandes ou commentaires, vous pouvez utiliser l\u2019un<a class=\"moretag\" href=\"https:\/\/www.aligro.ch\/pages\/fr\/contact\/\"> &#8230;<\/a><\/p>\n","protected":false},"author":9,"featured_media":1981,"parent":0,"menu_order":6,"comment_status":"closed","ping_status":"closed","template":"","meta":{"_acf_changed":false,"footnotes":""},"class_list":["post-1484","page","type-page","status-publish","has-post-thumbnail","hentry"],"acf":[],"yoast_head":"<!-- This site is optimized with the Yoast SEO plugin v27.3 - https:\/\/yoast.com\/product\/yoast-seo-wordpress\/ -->\n<title>Formulaire de contact - ALIGRO<\/title>\n<meta name=\"description\" content=\"Contactez ALIGRO pour vos questions, demandes ou commentaires. Veuillez choisir le sujet de votre message pour acc\u00e9der au formulaire.\" \/>\n<meta name=\"robots\" content=\"index, follow, max-snippet:-1, max-image-preview:large, max-video-preview:-1\" \/>\n<link rel=\"canonical\" href=\"https:\/\/www.aligro.ch\/pages\/fr\/contact\/\" \/>\n<meta property=\"og:locale\" content=\"fr_FR\" \/>\n<meta property=\"og:type\" content=\"article\" \/>\n<meta property=\"og:title\" content=\"Formulaire de contact - ALIGRO\" \/>\n<meta property=\"og:description\" content=\"Contactez ALIGRO pour vos questions, demandes ou commentaires. Veuillez choisir le sujet de votre message pour acc\u00e9der au formulaire.\" \/>\n<meta property=\"og:url\" content=\"https:\/\/www.aligro.ch\/pages\/fr\/contact\/\" \/>\n<meta property=\"og:site_name\" content=\"ALIGRO\" \/>\n<meta property=\"article:publisher\" content=\"https:\/\/fb.com\/aligrosuisse\" \/>\n<meta property=\"article:modified_time\" content=\"2023-12-18T13:26:31+00:00\" \/>\n<meta property=\"og:image\" content=\"https:\/\/www.aligro.ch\/pages\/wp-content\/uploads\/2018\/04\/PageBanner_Contact_1280x960_06.jpg\" \/>\n\t<meta property=\"og:image:width\" content=\"1280\" \/>\n\t<meta property=\"og:image:height\" content=\"780\" \/>\n\t<meta property=\"og:image:type\" content=\"image\/jpeg\" \/>\n<meta name=\"twitter:card\" content=\"summary_large_image\" \/>\n<meta name=\"twitter:label1\" content=\"Dur\u00e9e de lecture estim\u00e9e\" \/>\n\t<meta name=\"twitter:data1\" content=\"3 minutes\" \/>\n<script type=\"application\/ld+json\" class=\"yoast-schema-graph\">{\"@context\":\"https:\\\/\\\/schema.org\",\"@graph\":[{\"@type\":[\"WebPage\",\"ContactPage\"],\"@id\":\"https:\\\/\\\/www.aligro.ch\\\/pages\\\/fr\\\/contact\\\/\",\"url\":\"https:\\\/\\\/www.aligro.ch\\\/pages\\\/fr\\\/contact\\\/\",\"name\":\"Formulaire de contact - ALIGRO\",\"isPartOf\":{\"@id\":\"https:\\\/\\\/www.aligro.ch\\\/pages\\\/#website\"},\"primaryImageOfPage\":{\"@id\":\"https:\\\/\\\/www.aligro.ch\\\/pages\\\/fr\\\/contact\\\/#primaryimage\"},\"image\":{\"@id\":\"https:\\\/\\\/www.aligro.ch\\\/pages\\\/fr\\\/contact\\\/#primaryimage\"},\"thumbnailUrl\":\"https:\\\/\\\/www.aligro.ch\\\/pages\\\/wp-content\\\/uploads\\\/2018\\\/04\\\/PageBanner_Contact_1280x960_06.jpg\",\"datePublished\":\"2018-02-16T10:46:54+00:00\",\"dateModified\":\"2023-12-18T13:26:31+00:00\",\"description\":\"Contactez ALIGRO pour vos questions, demandes ou commentaires. Veuillez choisir le sujet de votre message pour acc\u00e9der au formulaire.\",\"breadcrumb\":{\"@id\":\"https:\\\/\\\/www.aligro.ch\\\/pages\\\/fr\\\/contact\\\/#breadcrumb\"},\"inLanguage\":\"fr-FR\",\"potentialAction\":[{\"@type\":\"ReadAction\",\"target\":[\"https:\\\/\\\/www.aligro.ch\\\/pages\\\/fr\\\/contact\\\/\"]}]},{\"@type\":\"ImageObject\",\"inLanguage\":\"fr-FR\",\"@id\":\"https:\\\/\\\/www.aligro.ch\\\/pages\\\/fr\\\/contact\\\/#primaryimage\",\"url\":\"https:\\\/\\\/www.aligro.ch\\\/pages\\\/wp-content\\\/uploads\\\/2018\\\/04\\\/PageBanner_Contact_1280x960_06.jpg\",\"contentUrl\":\"https:\\\/\\\/www.aligro.ch\\\/pages\\\/wp-content\\\/uploads\\\/2018\\\/04\\\/PageBanner_Contact_1280x960_06.jpg\",\"width\":1280,\"height\":780,\"caption\":\"Contactez Aligro\"},{\"@type\":\"BreadcrumbList\",\"@id\":\"https:\\\/\\\/www.aligro.ch\\\/pages\\\/fr\\\/contact\\\/#breadcrumb\",\"itemListElement\":[{\"@type\":\"ListItem\",\"position\":1,\"name\":\"Accueil\",\"item\":\"https:\\\/\\\/www.aligro.ch\\\/pages\\\/de\\\/aligro-academy\\\/\"},{\"@type\":\"ListItem\",\"position\":2,\"name\":\"Formulaire de contact\"}]},{\"@type\":\"WebSite\",\"@id\":\"https:\\\/\\\/www.aligro.ch\\\/pages\\\/#website\",\"url\":\"https:\\\/\\\/www.aligro.ch\\\/pages\\\/\",\"name\":\"ALIGRO\",\"description\":\"Fra\u00eecheur. Qualit\u00e9. Inspiration.\",\"publisher\":{\"@id\":\"https:\\\/\\\/www.aligro.ch\\\/pages\\\/#organization\"},\"potentialAction\":[{\"@type\":\"SearchAction\",\"target\":{\"@type\":\"EntryPoint\",\"urlTemplate\":\"https:\\\/\\\/www.aligro.ch\\\/pages\\\/?s={search_term_string}\"},\"query-input\":{\"@type\":\"PropertyValueSpecification\",\"valueRequired\":true,\"valueName\":\"search_term_string\"}}],\"inLanguage\":\"fr-FR\"},{\"@type\":\"Organization\",\"@id\":\"https:\\\/\\\/www.aligro.ch\\\/pages\\\/#organization\",\"name\":\"ALIGRO\",\"url\":\"https:\\\/\\\/www.aligro.ch\\\/pages\\\/\",\"logo\":{\"@type\":\"ImageObject\",\"inLanguage\":\"fr-FR\",\"@id\":\"https:\\\/\\\/www.aligro.ch\\\/pages\\\/#\\\/schema\\\/logo\\\/image\\\/\",\"url\":\"https:\\\/\\\/www.aligro.ch\\\/pages\\\/wp-content\\\/uploads\\\/2018\\\/10\\\/Logo@4x.png\",\"contentUrl\":\"https:\\\/\\\/www.aligro.ch\\\/pages\\\/wp-content\\\/uploads\\\/2018\\\/10\\\/Logo@4x.png\",\"width\":1831,\"height\":228,\"caption\":\"ALIGRO\"},\"image\":{\"@id\":\"https:\\\/\\\/www.aligro.ch\\\/pages\\\/#\\\/schema\\\/logo\\\/image\\\/\"},\"sameAs\":[\"https:\\\/\\\/fb.com\\\/aligrosuisse\"]}]}<\/script>\n<!-- \/ Yoast SEO plugin. -->","yoast_head_json":{"title":"Formulaire de contact - ALIGRO","description":"Contactez ALIGRO pour vos questions, demandes ou commentaires. Veuillez choisir le sujet de votre message pour acc\u00e9der au formulaire.","robots":{"index":"index","follow":"follow","max-snippet":"max-snippet:-1","max-image-preview":"max-image-preview:large","max-video-preview":"max-video-preview:-1"},"canonical":"https:\/\/www.aligro.ch\/pages\/fr\/contact\/","og_locale":"fr_FR","og_type":"article","og_title":"Formulaire de contact - ALIGRO","og_description":"Contactez ALIGRO pour vos questions, demandes ou commentaires. Veuillez choisir le sujet de votre message pour acc\u00e9der au formulaire.","og_url":"https:\/\/www.aligro.ch\/pages\/fr\/contact\/","og_site_name":"ALIGRO","article_publisher":"https:\/\/fb.com\/aligrosuisse","article_modified_time":"2023-12-18T13:26:31+00:00","og_image":[{"width":1280,"height":780,"url":"https:\/\/www.aligro.ch\/pages\/wp-content\/uploads\/2018\/04\/PageBanner_Contact_1280x960_06.jpg","type":"image\/jpeg"}],"twitter_card":"summary_large_image","twitter_misc":{"Dur\u00e9e de lecture estim\u00e9e":"3 minutes"},"schema":{"@context":"https:\/\/schema.org","@graph":[{"@type":["WebPage","ContactPage"],"@id":"https:\/\/www.aligro.ch\/pages\/fr\/contact\/","url":"https:\/\/www.aligro.ch\/pages\/fr\/contact\/","name":"Formulaire de contact - ALIGRO","isPartOf":{"@id":"https:\/\/www.aligro.ch\/pages\/#website"},"primaryImageOfPage":{"@id":"https:\/\/www.aligro.ch\/pages\/fr\/contact\/#primaryimage"},"image":{"@id":"https:\/\/www.aligro.ch\/pages\/fr\/contact\/#primaryimage"},"thumbnailUrl":"https:\/\/www.aligro.ch\/pages\/wp-content\/uploads\/2018\/04\/PageBanner_Contact_1280x960_06.jpg","datePublished":"2018-02-16T10:46:54+00:00","dateModified":"2023-12-18T13:26:31+00:00","description":"Contactez ALIGRO pour vos questions, demandes ou commentaires. Veuillez choisir le sujet de votre message pour acc\u00e9der au formulaire.","breadcrumb":{"@id":"https:\/\/www.aligro.ch\/pages\/fr\/contact\/#breadcrumb"},"inLanguage":"fr-FR","potentialAction":[{"@type":"ReadAction","target":["https:\/\/www.aligro.ch\/pages\/fr\/contact\/"]}]},{"@type":"ImageObject","inLanguage":"fr-FR","@id":"https:\/\/www.aligro.ch\/pages\/fr\/contact\/#primaryimage","url":"https:\/\/www.aligro.ch\/pages\/wp-content\/uploads\/2018\/04\/PageBanner_Contact_1280x960_06.jpg","contentUrl":"https:\/\/www.aligro.ch\/pages\/wp-content\/uploads\/2018\/04\/PageBanner_Contact_1280x960_06.jpg","width":1280,"height":780,"caption":"Contactez Aligro"},{"@type":"BreadcrumbList","@id":"https:\/\/www.aligro.ch\/pages\/fr\/contact\/#breadcrumb","itemListElement":[{"@type":"ListItem","position":1,"name":"Accueil","item":"https:\/\/www.aligro.ch\/pages\/de\/aligro-academy\/"},{"@type":"ListItem","position":2,"name":"Formulaire de contact"}]},{"@type":"WebSite","@id":"https:\/\/www.aligro.ch\/pages\/#website","url":"https:\/\/www.aligro.ch\/pages\/","name":"ALIGRO","description":"Fra\u00eecheur. Qualit\u00e9. Inspiration.","publisher":{"@id":"https:\/\/www.aligro.ch\/pages\/#organization"},"potentialAction":[{"@type":"SearchAction","target":{"@type":"EntryPoint","urlTemplate":"https:\/\/www.aligro.ch\/pages\/?s={search_term_string}"},"query-input":{"@type":"PropertyValueSpecification","valueRequired":true,"valueName":"search_term_string"}}],"inLanguage":"fr-FR"},{"@type":"Organization","@id":"https:\/\/www.aligro.ch\/pages\/#organization","name":"ALIGRO","url":"https:\/\/www.aligro.ch\/pages\/","logo":{"@type":"ImageObject","inLanguage":"fr-FR","@id":"https:\/\/www.aligro.ch\/pages\/#\/schema\/logo\/image\/","url":"https:\/\/www.aligro.ch\/pages\/wp-content\/uploads\/2018\/10\/Logo@4x.png","contentUrl":"https:\/\/www.aligro.ch\/pages\/wp-content\/uploads\/2018\/10\/Logo@4x.png","width":1831,"height":228,"caption":"ALIGRO"},"image":{"@id":"https:\/\/www.aligro.ch\/pages\/#\/schema\/logo\/image\/"},"sameAs":["https:\/\/fb.com\/aligrosuisse"]}]}},"_links":{"self":[{"href":"https:\/\/www.aligro.ch\/pages\/wp-json\/wp\/v2\/pages\/1484","targetHints":{"allow":["GET"]}}],"collection":[{"href":"https:\/\/www.aligro.ch\/pages\/wp-json\/wp\/v2\/pages"}],"about":[{"href":"https:\/\/www.aligro.ch\/pages\/wp-json\/wp\/v2\/types\/page"}],"author":[{"embeddable":true,"href":"https:\/\/www.aligro.ch\/pages\/wp-json\/wp\/v2\/users\/9"}],"replies":[{"embeddable":true,"href":"https:\/\/www.aligro.ch\/pages\/wp-json\/wp\/v2\/comments?post=1484"}],"version-history":[{"count":5,"href":"https:\/\/www.aligro.ch\/pages\/wp-json\/wp\/v2\/pages\/1484\/revisions"}],"predecessor-version":[{"id":68433,"href":"https:\/\/www.aligro.ch\/pages\/wp-json\/wp\/v2\/pages\/1484\/revisions\/68433"}],"wp:featuredmedia":[{"embeddable":true,"href":"https:\/\/www.aligro.ch\/pages\/wp-json\/wp\/v2\/media\/1981"}],"wp:attachment":[{"href":"https:\/\/www.aligro.ch\/pages\/wp-json\/wp\/v2\/media?parent=1484"}],"curies":[{"name":"wp","href":"https:\/\/api.w.org\/{rel}","templated":true}]}}