{"id":1394,"date":"2018-02-05T15:26:16","date_gmt":"2018-02-05T14:26:16","guid":{"rendered":"http:\/\/dev.aligro.ch\/pages\/?page_id=1394"},"modified":"2019-05-09T11:12:40","modified_gmt":"2019-05-09T09:12:40","slug":"produits","status":"publish","type":"page","link":"https:\/\/www.aligro.ch\/pages\/fr\/produits\/","title":{"rendered":"OFFRE"},"content":{"rendered":"<p>ALIGRO dispose d\u2019un tr\u00e8s vaste assortiment, un secteur produits frais in\u00e9gal\u00e9, et s&rsquo;engage chaque jour \u00e0 fournir aux professionnels de la gastronomie des produits de qualit\u00e9 et d\u2019une fra\u00eecheur optimale.<\/p>\n<p><a class=\"btn btn-primary btn-large\" style=\"border-radius: 25px; font-weight:normal; font-size: .8em; padding:.75em 1.5em; letter-spacing:normal;\" href=\"https:\/\/www.aligro.ch\/actions?lang=fr\">D\u00e9couvrez nos 2&rsquo;000 actions de la semaine<\/a><\/p>\n<ul>\n<li>\n<h2>Produits frais<\/h2>\n<ul>\n<li><a href=\"https:\/\/www.aligro.ch\/pages\/fr\/produits\/produits-frais\/boucherie-charcuterie-traiteur\/\">Boucherie, charcuterie &#038; traiteur<\/a><\/li>\n<li><a href=\"https:\/\/www.aligro.ch\/pages\/fr\/produits\/produits-frais\/poissonnerie\/\">Poissonnerie<\/a><\/li>\n<li><a href=\"https:\/\/www.aligro.ch\/pages\/fr\/produits\/produits-frais\/produits-laitiers\/\">Produits laitiers<\/a><\/li>\n<li><a href=\"https:\/\/www.aligro.ch\/pages\/fr\/produits\/produits-frais\/boulangerie\/\">Boulangerie<\/a><\/li>\n<li><a href=\"https:\/\/www.aligro.ch\/pages\/fr\/produits\/produits-frais\/fruits-et-legumes\/\">Fruits et l\u00e9gumes<\/a><\/li>\n<li><a href=\"https:\/\/www.aligro.ch\/pages\/fr\/produits\/produits-frais\/surgeles\/\">Surgel\u00e9s<\/a><\/li>\n<\/ul>\n<\/li>\n<li>\n<h2>Vins &#038; boissons<\/h2>\n<ul>\n<li><a href=\"https:\/\/www.aligro.ch\/pages\/fr\/produits\/boissons\/cellier-vins-champagnes\/\">Cellier<\/a><\/li>\n<li><a href=\"https:\/\/www.aligro.ch\/pages\/fr\/produits\/boissons\/alcools-et-spiritueux\/\">Alcools &#038; spiritueux<\/a><\/li>\n<li><a href=\"https:\/\/www.aligro.ch\/pages\/fr\/produits\/boissons\/biere-eau-jus-sirop\/\">Boissons<\/a><\/li>\n<\/ul>\n<\/li>\n<li>\n<h2> Alimentation<\/h2>\n<ul>\n<li><a href=\"https:\/\/www.aligro.ch\/pages\/fr\/produits\/alimentation\/cafes-chocolats-douceurs\/\">Caf\u00e9s, chocolats et douceurs<\/a><\/li>\n<li><a href=\"https:\/\/www.aligro.ch\/pages\/fr\/produits\/alimentation\/aliments-de-base\/\">Aliments de base<\/a><\/li>\n<li><a href=\"https:\/\/www.aligro.ch\/pages\/fr\/produits\/alimentation\/mets-prepares-et-conserves\/\">Mets pr\u00e9par\u00e9s et conserves<\/a><\/li>\n<li><a href=\"https:\/\/www.aligro.ch\/pages\/fr\/produits\/alimentation\/tabac\/\">Tabac<\/a><\/li>\n<\/ul>\n<\/li>\n<li>\n<h2>Non-Food<\/h2>\n<ul>\n<li><a href=\"https:\/\/www.aligro.ch\/pages\/fr\/produits\/articles-non-alimentaires\/cosmetiques-et-lessives\/\">Cosm\u00e9tiques, lessive et nettoyage<\/a><\/li>\n<li><a href=\"https:\/\/www.aligro.ch\/pages\/fr\/produits\/articles-non-alimentaires\/vaisselle-jetable\/\">Vaisselle \u00e0 usage unique<\/a><\/li>\n<li><a href=\"https:\/\/www.aligro.ch\/pages\/fr\/produits\/articles-non-alimentaires\/equipement-durable-cuisine-table\/\">Equipement cuisine<\/a><\/li>\n<\/ul>\n<\/li>\n<\/ul>\n","protected":false},"excerpt":{"rendered":"<p>ALIGRO dispose d\u2019un tr\u00e8s vaste assortiment, un secteur produits frais in\u00e9gal\u00e9, et s&rsquo;engage chaque jour \u00e0 fournir aux<a class=\"moretag\" href=\"https:\/\/www.aligro.ch\/pages\/fr\/produits\/\"> &#8230;<\/a><\/p>\n","protected":false},"author":9,"featured_media":0,"parent":0,"menu_order":2,"comment_status":"closed","ping_status":"closed","template":"","meta":{"_acf_changed":false,"footnotes":""},"class_list":["post-1394","page","type-page","status-publish","hentry"],"acf":[],"yoast_head":"<!-- This site is optimized with the Yoast SEO plugin v27.3 - https:\/\/yoast.com\/product\/yoast-seo-wordpress\/ -->\n<title>OFFRE - ALIGRO<\/title>\n<meta name=\"robots\" content=\"index, follow, max-snippet:-1, max-image-preview:large, max-video-preview:-1\" \/>\n<link rel=\"canonical\" href=\"https:\/\/www.aligro.ch\/pages\/fr\/produits\/\" \/>\n<meta property=\"og:locale\" content=\"fr_FR\" \/>\n<meta property=\"og:type\" content=\"article\" \/>\n<meta property=\"og:title\" content=\"OFFRE - ALIGRO\" \/>\n<meta property=\"og:description\" content=\"ALIGRO dispose d\u2019un tr\u00e8s vaste assortiment, un secteur produits frais in\u00e9gal\u00e9, et s&rsquo;engage chaque jour \u00e0 fournir aux ...\" \/>\n<meta property=\"og:url\" content=\"https:\/\/www.aligro.ch\/pages\/fr\/produits\/\" \/>\n<meta property=\"og:site_name\" content=\"ALIGRO\" \/>\n<meta property=\"article:publisher\" content=\"https:\/\/fb.com\/aligrosuisse\" \/>\n<meta property=\"article:modified_time\" content=\"2019-05-09T09:12:40+00:00\" \/>\n<meta property=\"og:image\" content=\"https:\/\/www.aligro.ch\/pages\/wp-content\/uploads\/2018\/05\/PageBanner_Independant_1280x960_05.jpg\" \/>\n\t<meta property=\"og:image:width\" content=\"1280\" \/>\n\t<meta property=\"og:image:height\" content=\"960\" \/>\n\t<meta property=\"og:image:type\" content=\"image\/jpeg\" \/>\n<meta name=\"twitter:card\" content=\"summary_large_image\" \/>\n<script type=\"application\/ld+json\" class=\"yoast-schema-graph\">{\"@context\":\"https:\\\/\\\/schema.org\",\"@graph\":[{\"@type\":\"WebPage\",\"@id\":\"https:\\\/\\\/www.aligro.ch\\\/pages\\\/fr\\\/produits\\\/\",\"url\":\"https:\\\/\\\/www.aligro.ch\\\/pages\\\/fr\\\/produits\\\/\",\"name\":\"OFFRE - ALIGRO\",\"isPartOf\":{\"@id\":\"https:\\\/\\\/www.aligro.ch\\\/pages\\\/#website\"},\"datePublished\":\"2018-02-05T14:26:16+00:00\",\"dateModified\":\"2019-05-09T09:12:40+00:00\",\"breadcrumb\":{\"@id\":\"https:\\\/\\\/www.aligro.ch\\\/pages\\\/fr\\\/produits\\\/#breadcrumb\"},\"inLanguage\":\"fr-FR\",\"potentialAction\":[{\"@type\":\"ReadAction\",\"target\":[\"https:\\\/\\\/www.aligro.ch\\\/pages\\\/fr\\\/produits\\\/\"]}]},{\"@type\":\"BreadcrumbList\",\"@id\":\"https:\\\/\\\/www.aligro.ch\\\/pages\\\/fr\\\/produits\\\/#breadcrumb\",\"itemListElement\":[{\"@type\":\"ListItem\",\"position\":1,\"name\":\"Accueil\",\"item\":\"https:\\\/\\\/www.aligro.ch\\\/pages\\\/de\\\/aligro-academy\\\/\"},{\"@type\":\"ListItem\",\"position\":2,\"name\":\"OFFRE\"}]},{\"@type\":\"WebSite\",\"@id\":\"https:\\\/\\\/www.aligro.ch\\\/pages\\\/#website\",\"url\":\"https:\\\/\\\/www.aligro.ch\\\/pages\\\/\",\"name\":\"ALIGRO\",\"description\":\"Fra\u00eecheur. Qualit\u00e9. Inspiration.\",\"publisher\":{\"@id\":\"https:\\\/\\\/www.aligro.ch\\\/pages\\\/#organization\"},\"potentialAction\":[{\"@type\":\"SearchAction\",\"target\":{\"@type\":\"EntryPoint\",\"urlTemplate\":\"https:\\\/\\\/www.aligro.ch\\\/pages\\\/?s={search_term_string}\"},\"query-input\":{\"@type\":\"PropertyValueSpecification\",\"valueRequired\":true,\"valueName\":\"search_term_string\"}}],\"inLanguage\":\"fr-FR\"},{\"@type\":\"Organization\",\"@id\":\"https:\\\/\\\/www.aligro.ch\\\/pages\\\/#organization\",\"name\":\"ALIGRO\",\"url\":\"https:\\\/\\\/www.aligro.ch\\\/pages\\\/\",\"logo\":{\"@type\":\"ImageObject\",\"inLanguage\":\"fr-FR\",\"@id\":\"https:\\\/\\\/www.aligro.ch\\\/pages\\\/#\\\/schema\\\/logo\\\/image\\\/\",\"url\":\"https:\\\/\\\/www.aligro.ch\\\/pages\\\/wp-content\\\/uploads\\\/2018\\\/10\\\/Logo@4x.png\",\"contentUrl\":\"https:\\\/\\\/www.aligro.ch\\\/pages\\\/wp-content\\\/uploads\\\/2018\\\/10\\\/Logo@4x.png\",\"width\":1831,\"height\":228,\"caption\":\"ALIGRO\"},\"image\":{\"@id\":\"https:\\\/\\\/www.aligro.ch\\\/pages\\\/#\\\/schema\\\/logo\\\/image\\\/\"},\"sameAs\":[\"https:\\\/\\\/fb.com\\\/aligrosuisse\"]}]}<\/script>\n<!-- \/ Yoast SEO plugin. -->","yoast_head_json":{"title":"OFFRE - ALIGRO","robots":{"index":"index","follow":"follow","max-snippet":"max-snippet:-1","max-image-preview":"max-image-preview:large","max-video-preview":"max-video-preview:-1"},"canonical":"https:\/\/www.aligro.ch\/pages\/fr\/produits\/","og_locale":"fr_FR","og_type":"article","og_title":"OFFRE - ALIGRO","og_description":"ALIGRO dispose d\u2019un tr\u00e8s vaste assortiment, un secteur produits frais in\u00e9gal\u00e9, et s&rsquo;engage chaque jour \u00e0 fournir aux ...","og_url":"https:\/\/www.aligro.ch\/pages\/fr\/produits\/","og_site_name":"ALIGRO","article_publisher":"https:\/\/fb.com\/aligrosuisse","article_modified_time":"2019-05-09T09:12:40+00:00","og_image":[{"width":1280,"height":960,"url":"https:\/\/www.aligro.ch\/pages\/wp-content\/uploads\/2018\/05\/PageBanner_Independant_1280x960_05.jpg","type":"image\/jpeg"}],"twitter_card":"summary_large_image","schema":{"@context":"https:\/\/schema.org","@graph":[{"@type":"WebPage","@id":"https:\/\/www.aligro.ch\/pages\/fr\/produits\/","url":"https:\/\/www.aligro.ch\/pages\/fr\/produits\/","name":"OFFRE - ALIGRO","isPartOf":{"@id":"https:\/\/www.aligro.ch\/pages\/#website"},"datePublished":"2018-02-05T14:26:16+00:00","dateModified":"2019-05-09T09:12:40+00:00","breadcrumb":{"@id":"https:\/\/www.aligro.ch\/pages\/fr\/produits\/#breadcrumb"},"inLanguage":"fr-FR","potentialAction":[{"@type":"ReadAction","target":["https:\/\/www.aligro.ch\/pages\/fr\/produits\/"]}]},{"@type":"BreadcrumbList","@id":"https:\/\/www.aligro.ch\/pages\/fr\/produits\/#breadcrumb","itemListElement":[{"@type":"ListItem","position":1,"name":"Accueil","item":"https:\/\/www.aligro.ch\/pages\/de\/aligro-academy\/"},{"@type":"ListItem","position":2,"name":"OFFRE"}]},{"@type":"WebSite","@id":"https:\/\/www.aligro.ch\/pages\/#website","url":"https:\/\/www.aligro.ch\/pages\/","name":"ALIGRO","description":"Fra\u00eecheur. Qualit\u00e9. Inspiration.","publisher":{"@id":"https:\/\/www.aligro.ch\/pages\/#organization"},"potentialAction":[{"@type":"SearchAction","target":{"@type":"EntryPoint","urlTemplate":"https:\/\/www.aligro.ch\/pages\/?s={search_term_string}"},"query-input":{"@type":"PropertyValueSpecification","valueRequired":true,"valueName":"search_term_string"}}],"inLanguage":"fr-FR"},{"@type":"Organization","@id":"https:\/\/www.aligro.ch\/pages\/#organization","name":"ALIGRO","url":"https:\/\/www.aligro.ch\/pages\/","logo":{"@type":"ImageObject","inLanguage":"fr-FR","@id":"https:\/\/www.aligro.ch\/pages\/#\/schema\/logo\/image\/","url":"https:\/\/www.aligro.ch\/pages\/wp-content\/uploads\/2018\/10\/Logo@4x.png","contentUrl":"https:\/\/www.aligro.ch\/pages\/wp-content\/uploads\/2018\/10\/Logo@4x.png","width":1831,"height":228,"caption":"ALIGRO"},"image":{"@id":"https:\/\/www.aligro.ch\/pages\/#\/schema\/logo\/image\/"},"sameAs":["https:\/\/fb.com\/aligrosuisse"]}]}},"_links":{"self":[{"href":"https:\/\/www.aligro.ch\/pages\/wp-json\/wp\/v2\/pages\/1394","targetHints":{"allow":["GET"]}}],"collection":[{"href":"https:\/\/www.aligro.ch\/pages\/wp-json\/wp\/v2\/pages"}],"about":[{"href":"https:\/\/www.aligro.ch\/pages\/wp-json\/wp\/v2\/types\/page"}],"author":[{"embeddable":true,"href":"https:\/\/www.aligro.ch\/pages\/wp-json\/wp\/v2\/users\/9"}],"replies":[{"embeddable":true,"href":"https:\/\/www.aligro.ch\/pages\/wp-json\/wp\/v2\/comments?post=1394"}],"version-history":[{"count":4,"href":"https:\/\/www.aligro.ch\/pages\/wp-json\/wp\/v2\/pages\/1394\/revisions"}],"predecessor-version":[{"id":7600,"href":"https:\/\/www.aligro.ch\/pages\/wp-json\/wp\/v2\/pages\/1394\/revisions\/7600"}],"wp:attachment":[{"href":"https:\/\/www.aligro.ch\/pages\/wp-json\/wp\/v2\/media?parent=1394"}],"curies":[{"name":"wp","href":"https:\/\/api.w.org\/{rel}","templated":true}]}}