{"id":10819,"date":"2019-12-06T12:56:08","date_gmt":"2019-12-06T11:56:08","guid":{"rendered":"https:\/\/www.aligro.ch\/pages\/?page_id=10819"},"modified":"2025-08-27T12:34:54","modified_gmt":"2025-08-27T10:34:54","slug":"relations-medias","status":"publish","type":"page","link":"https:\/\/www.aligro.ch\/pages\/fr\/entreprise\/relations-medias\/","title":{"rendered":"Relations m\u00e9dias"},"content":{"rendered":"<div class=\"wpb-content-wrapper\"><p>[vc_row][vc_column][vc_column_text css=\u00a0\u00bb\u00a0\u00bb]<\/p>\n<h3>Nous sommes \u00e0 disposition des m\u00e9dias pour toute question concernant ALIGRO.<\/h3>\n<p>Nous vous invitons \u00e0 prendre contact avec ALIGRO en utilisant le formulaire ci-dessous, nous nous ferons un plaisir de r\u00e9pondre aux sollicitations des m\u00e9dias.<\/p>\n<p>Le formulaire m\u00e9dias ci-dessous est exclusivement \u00e0 la disposition des m\u00e9dias. Pour toutes questions clients ou fournisseurs, merci d&rsquo;utiliser le <a href=\"https:\/\/www.aligro.ch\/pages\/fr\/contact\/\">formulaire de contact \u00e0 disposition ici<\/a>.<\/p>\n<div class=\"wpcf7 no-js\" id=\"wpcf7-f2688-o1\" lang=\"fr-FR\" dir=\"ltr\" data-wpcf7-id=\"2688\">\n<div class=\"screen-reader-response\"><p role=\"status\" aria-live=\"polite\" aria-atomic=\"true\"><\/p> <ul><\/ul><\/div>\n<form action=\"\/pages\/wp-json\/wp\/v2\/pages\/10819#wpcf7-f2688-o1\" method=\"post\" class=\"wpcf7-form init\" aria-label=\"Formulaire de contact\" enctype=\"multipart\/form-data\" novalidate=\"novalidate\" data-status=\"init\">\n<fieldset class=\"hidden-fields-container\"><input type=\"hidden\" name=\"_wpcf7\" value=\"2688\" \/><input type=\"hidden\" name=\"_wpcf7_version\" value=\"6.1.5\" \/><input type=\"hidden\" name=\"_wpcf7_locale\" value=\"fr_FR\" \/><input type=\"hidden\" name=\"_wpcf7_unit_tag\" value=\"wpcf7-f2688-o1\" \/><input type=\"hidden\" name=\"_wpcf7_container_post\" value=\"0\" \/><input type=\"hidden\" name=\"_wpcf7_posted_data_hash\" value=\"\" \/><input type=\"hidden\" name=\"_wpcf7_recaptcha_response\" value=\"\" \/>\n<\/fieldset>\n<div class=\"formulaire\">\n\t<div class=\"row\" style=\"padding: 2.5rem 0;\">\n\t\t<div class=\"col-sm-12\">\n\t\t\t<p><label> Entreprise \/ M\u00e9dia<span>*<\/span><br \/>\n<span class=\"wpcf7-form-control-wrap\" data-name=\"raison-sociale\"><input size=\"40\" maxlength=\"400\" class=\"wpcf7-form-control wpcf7-text wpcf7-validates-as-required\" aria-required=\"true\" aria-invalid=\"false\" value=\"\" type=\"text\" name=\"raison-sociale\" \/><\/span> <\/label>\n\t\t\t<\/p>\n\t\t<\/div>\n\t<\/div>\n\t<div class=\"row\" style=\"padding: 2.5rem 0;\">\n\t\t<div class=\"col-sm-6\">\n\t\t\t<p><label> Pr\u00e9nom<span>*<\/span><br \/>\n<span class=\"wpcf7-form-control-wrap\" data-name=\"prenom\"><input size=\"40\" maxlength=\"400\" class=\"wpcf7-form-control wpcf7-text wpcf7-validates-as-required\" aria-required=\"true\" aria-invalid=\"false\" value=\"\" type=\"text\" name=\"prenom\" \/><\/span> <\/label>\n\t\t\t<\/p>\n\t\t<\/div>\n\t\t<div class=\"col-sm-6\">\n\t\t\t<p><label> Nom<span>*<\/span><br \/>\n<span class=\"wpcf7-form-control-wrap\" data-name=\"your-name\"><input size=\"40\" maxlength=\"400\" class=\"wpcf7-form-control wpcf7-text wpcf7-validates-as-required\" aria-required=\"true\" aria-invalid=\"false\" value=\"\" type=\"text\" name=\"your-name\" \/><\/span> <\/label>\n\t\t\t<\/p>\n\t\t<\/div>\n\t<\/div>\n\t<div class=\"row\" style=\"padding: 2.5rem 0;\">\n\t\t<div class=\"col-sm-6\">\n\t\t\t<p><label> Adresse e-mail<span>*<\/span><br \/>\n<span class=\"wpcf7-form-control-wrap\" data-name=\"email\"><input size=\"40\" maxlength=\"400\" class=\"wpcf7-form-control wpcf7-email wpcf7-validates-as-required wpcf7-text wpcf7-validates-as-email\" aria-required=\"true\" aria-invalid=\"false\" value=\"\" type=\"email\" name=\"email\" \/><\/span> <\/label>\n\t\t\t<\/p>\n\t\t<\/div>\n\t\t<div class=\"col-sm-6\">\n\t\t\t<p><label> T\u00e9l\u00e9phone<span>*<\/span><br \/>\n<span class=\"wpcf7-form-control-wrap\" data-name=\"tel\"><input size=\"40\" maxlength=\"400\" class=\"wpcf7-form-control wpcf7-text wpcf7-validates-as-required\" aria-required=\"true\" aria-invalid=\"false\" value=\"\" type=\"text\" name=\"tel\" \/><\/span> <\/label>\n\t\t\t<\/p>\n\t\t<\/div>\n\t<\/div>\n\t<div class=\"row\" style=\"padding: 2.5rem 0;\">\n\t\t<div class=\"col-sm-12\">\n\t\t\t<p><label>Objet de votre message<span>*<\/span><br \/>\n<span class=\"wpcf7-form-control-wrap\" data-name=\"objet\"><input size=\"40\" maxlength=\"400\" class=\"wpcf7-form-control wpcf7-text wpcf7-validates-as-required\" aria-required=\"true\" aria-invalid=\"false\" value=\"\" type=\"text\" name=\"objet\" \/><\/span> <\/label>\n\t\t\t<\/p>\n\t\t<\/div>\n\t<\/div>\n\t<div class=\"row\" style=\"padding: 2.5rem 0;\">\n\t\t<div class=\"col-sm-12\">\n\t\t\t<p><label>Votre message<span>*<\/span><br \/>\n<span class=\"wpcf7-form-control-wrap\" data-name=\"message\"><textarea cols=\"40\" rows=\"10\" maxlength=\"2000\" class=\"wpcf7-form-control wpcf7-textarea wpcf7-validates-as-required\" aria-required=\"true\" aria-invalid=\"false\" name=\"message\"><\/textarea><\/span> <\/label>\n\t\t\t<\/p>\n\t\t<\/div>\n\t<\/div>\n\t<div class=\"row\" style=\"padding: 2.5rem 0;\">\n\t\t<div class=\"col-sm-12\" style=\"margin-bottom: 1rem;\">\n\t\t\t<p><label>Pi\u00e8ce jointe 1<br \/>\n<span class=\"wpcf7-form-control-wrap\" data-name=\"fichier-1\"><input size=\"40\" class=\"wpcf7-form-control wpcf7-file\" accept=\".pdf,.txt,.jpg,.jpeg,.png\" aria-invalid=\"false\" type=\"file\" name=\"fichier-1\" \/><\/span> <\/label>\n\t\t\t<\/p>\n\t\t<\/div>\n\t\t<div class=\"col-sm-12\" style=\"margin-bottom: 1rem;\">\n\t\t\t<p><label>Pi\u00e8ce jointe 2<br \/>\n<span class=\"wpcf7-form-control-wrap\" data-name=\"fichier-2\"><input size=\"40\" class=\"wpcf7-form-control wpcf7-file\" accept=\".pdf,.txt,.jpg,.jpeg,.png\" aria-invalid=\"false\" type=\"file\" name=\"fichier-2\" \/><\/span> <\/label>\n\t\t\t<\/p>\n\t\t<\/div>\n\t\t<div class=\"col-sm-12\" style=\"margin-bottom: 1rem;\">\n\t\t\t<p><label>Pi\u00e8ce jointe 3<br \/>\n<span class=\"wpcf7-form-control-wrap\" data-name=\"fichier-3\"><input size=\"40\" class=\"wpcf7-form-control wpcf7-file\" accept=\".pdf,.txt,.jpg,.jpeg,.png\" aria-invalid=\"false\" type=\"file\" name=\"fichier-3\" \/><\/span> <\/label>\n\t\t\t<\/p>\n\t\t<\/div>\n\t<\/div>\n\t<div class=\"row\" style=\"padding: 2.5rem 0;\">\n\t\t<div class=\"col-sm-6 align-center\">\n\t\t\t<p><input class=\"wpcf7-form-control wpcf7-submit has-spinner sendBtn\" type=\"submit\" value=\"Envoyer\" \/>\n\t\t\t<\/p>\n\t\t<\/div>\n\t<\/div>\n<\/div><div class=\"wpcf7-response-output\" aria-hidden=\"true\"><\/div>\n<\/form>\n<\/div>\n[\/vc_column_text][vc_separator][vc_column_text css=\u00a0\u00bb\u00a0\u00bb]Demaurex &amp; Cie SA &#8211; ALIGRO<br \/>\nRelations M\u00e9dias<br \/>\nAv. de la Concorde 6<br \/>\nCase Postale<br \/>\n1020 Renens VD 1<br \/>\n<a href=\"mailto:medias@aligro.ch\">medias@aligro.ch<\/a>[\/vc_column_text][\/vc_column][\/vc_row]<\/p>\n<\/div>","protected":false},"excerpt":{"rendered":"<p>[vc_row][vc_column][vc_column_text css=\u00a0\u00bb\u00a0\u00bb] Nous sommes \u00e0 disposition des m\u00e9dias pour toute question concernant ALIGRO. Nous vous invitons \u00e0 prendre<a class=\"moretag\" href=\"https:\/\/www.aligro.ch\/pages\/fr\/entreprise\/relations-medias\/\"> &#8230;<\/a><\/p>\n","protected":false},"author":9,"featured_media":0,"parent":70,"menu_order":6,"comment_status":"closed","ping_status":"closed","template":"","meta":{"_acf_changed":false,"footnotes":""},"class_list":["post-10819","page","type-page","status-publish","hentry"],"acf":[],"yoast_head":"<!-- This site is optimized with the Yoast SEO plugin v27.5 - https:\/\/yoast.com\/product\/yoast-seo-wordpress\/ -->\n<title>Relations m\u00e9dias - ALIGRO<\/title>\n<meta name=\"description\" content=\"Pour toute question concernant ALIGRO, nous invitons m\u00e9dias et journalistes \u00e0 prendre contact en utilisant le formulaire pour les relations m\u00e9dias. Nous nous ferons un plaisir de r\u00e9pondre aux sollicitations des m\u00e9dias. Le formulaire pour les relations m\u00e9dias est exclusivement \u00e0 la disposition des journalistes.\" \/>\n<meta name=\"robots\" content=\"index, follow, max-snippet:-1, max-image-preview:large, max-video-preview:-1\" \/>\n<link rel=\"canonical\" href=\"https:\/\/www.aligro.ch\/pages\/fr\/entreprise\/relations-medias\/\" \/>\n<meta property=\"og:locale\" content=\"fr_FR\" \/>\n<meta property=\"og:type\" content=\"article\" \/>\n<meta property=\"og:title\" content=\"Relations m\u00e9dias - ALIGRO\" \/>\n<meta property=\"og:description\" content=\"Pour toute question concernant ALIGRO, nous invitons m\u00e9dias et journalistes \u00e0 prendre contact en utilisant le formulaire pour les relations m\u00e9dias. Nous nous ferons un plaisir de r\u00e9pondre aux sollicitations des m\u00e9dias. Le formulaire pour les relations m\u00e9dias est exclusivement \u00e0 la disposition des journalistes.\" \/>\n<meta property=\"og:url\" content=\"https:\/\/www.aligro.ch\/pages\/fr\/entreprise\/relations-medias\/\" \/>\n<meta property=\"og:site_name\" content=\"ALIGRO\" \/>\n<meta property=\"article:publisher\" content=\"https:\/\/fb.com\/aligrosuisse\" \/>\n<meta property=\"article:modified_time\" content=\"2025-08-27T10:34:54+00:00\" \/>\n<meta property=\"og:image\" content=\"https:\/\/www.aligro.ch\/pages\/wp-content\/uploads\/2018\/05\/PageBanner_Independant_1280x960_05.jpg\" \/>\n\t<meta property=\"og:image:width\" content=\"1280\" \/>\n\t<meta property=\"og:image:height\" content=\"960\" \/>\n\t<meta property=\"og:image:type\" content=\"image\/jpeg\" \/>\n<meta name=\"twitter:card\" content=\"summary_large_image\" \/>\n<meta name=\"twitter:label1\" content=\"Dur\u00e9e de lecture estim\u00e9e\" \/>\n\t<meta name=\"twitter:data1\" content=\"2 minutes\" \/>\n<script type=\"application\/ld+json\" class=\"yoast-schema-graph\">{\"@context\":\"https:\\\/\\\/schema.org\",\"@graph\":[{\"@type\":\"WebPage\",\"@id\":\"https:\\\/\\\/www.aligro.ch\\\/pages\\\/fr\\\/entreprise\\\/relations-medias\\\/\",\"url\":\"https:\\\/\\\/www.aligro.ch\\\/pages\\\/fr\\\/entreprise\\\/relations-medias\\\/\",\"name\":\"Relations m\u00e9dias - ALIGRO\",\"isPartOf\":{\"@id\":\"https:\\\/\\\/www.aligro.ch\\\/pages\\\/#website\"},\"datePublished\":\"2019-12-06T11:56:08+00:00\",\"dateModified\":\"2025-08-27T10:34:54+00:00\",\"description\":\"Pour toute question concernant ALIGRO, nous invitons m\u00e9dias et journalistes \u00e0 prendre contact en utilisant le formulaire pour les relations m\u00e9dias. Nous nous ferons un plaisir de r\u00e9pondre aux sollicitations des m\u00e9dias. Le formulaire pour les relations m\u00e9dias est exclusivement \u00e0 la disposition des journalistes.\",\"breadcrumb\":{\"@id\":\"https:\\\/\\\/www.aligro.ch\\\/pages\\\/fr\\\/entreprise\\\/relations-medias\\\/#breadcrumb\"},\"inLanguage\":\"fr-FR\",\"potentialAction\":[{\"@type\":\"ReadAction\",\"target\":[\"https:\\\/\\\/www.aligro.ch\\\/pages\\\/fr\\\/entreprise\\\/relations-medias\\\/\"]}]},{\"@type\":\"BreadcrumbList\",\"@id\":\"https:\\\/\\\/www.aligro.ch\\\/pages\\\/fr\\\/entreprise\\\/relations-medias\\\/#breadcrumb\",\"itemListElement\":[{\"@type\":\"ListItem\",\"position\":1,\"name\":\"Accueil\",\"item\":\"https:\\\/\\\/www.aligro.ch\\\/pages\\\/de\\\/aligro-academy\\\/\"},{\"@type\":\"ListItem\",\"position\":2,\"name\":\"ENTREPRISE\",\"item\":\"https:\\\/\\\/www.aligro.ch\\\/pages\\\/fr\\\/entreprise\\\/\"},{\"@type\":\"ListItem\",\"position\":3,\"name\":\"Relations m\u00e9dias\"}]},{\"@type\":\"WebSite\",\"@id\":\"https:\\\/\\\/www.aligro.ch\\\/pages\\\/#website\",\"url\":\"https:\\\/\\\/www.aligro.ch\\\/pages\\\/\",\"name\":\"ALIGRO\",\"description\":\"Fra\u00eecheur. Qualit\u00e9. Inspiration.\",\"publisher\":{\"@id\":\"https:\\\/\\\/www.aligro.ch\\\/pages\\\/#organization\"},\"potentialAction\":[{\"@type\":\"SearchAction\",\"target\":{\"@type\":\"EntryPoint\",\"urlTemplate\":\"https:\\\/\\\/www.aligro.ch\\\/pages\\\/?s={search_term_string}\"},\"query-input\":{\"@type\":\"PropertyValueSpecification\",\"valueRequired\":true,\"valueName\":\"search_term_string\"}}],\"inLanguage\":\"fr-FR\"},{\"@type\":\"Organization\",\"@id\":\"https:\\\/\\\/www.aligro.ch\\\/pages\\\/#organization\",\"name\":\"ALIGRO\",\"url\":\"https:\\\/\\\/www.aligro.ch\\\/pages\\\/\",\"logo\":{\"@type\":\"ImageObject\",\"inLanguage\":\"fr-FR\",\"@id\":\"https:\\\/\\\/www.aligro.ch\\\/pages\\\/#\\\/schema\\\/logo\\\/image\\\/\",\"url\":\"https:\\\/\\\/www.aligro.ch\\\/pages\\\/wp-content\\\/uploads\\\/2018\\\/10\\\/Logo@4x.png\",\"contentUrl\":\"https:\\\/\\\/www.aligro.ch\\\/pages\\\/wp-content\\\/uploads\\\/2018\\\/10\\\/Logo@4x.png\",\"width\":1831,\"height\":228,\"caption\":\"ALIGRO\"},\"image\":{\"@id\":\"https:\\\/\\\/www.aligro.ch\\\/pages\\\/#\\\/schema\\\/logo\\\/image\\\/\"},\"sameAs\":[\"https:\\\/\\\/fb.com\\\/aligrosuisse\"]}]}<\/script>\n<!-- \/ Yoast SEO plugin. -->","yoast_head_json":{"title":"Relations m\u00e9dias - ALIGRO","description":"Pour toute question concernant ALIGRO, nous invitons m\u00e9dias et journalistes \u00e0 prendre contact en utilisant le formulaire pour les relations m\u00e9dias. Nous nous ferons un plaisir de r\u00e9pondre aux sollicitations des m\u00e9dias. Le formulaire pour les relations m\u00e9dias est exclusivement \u00e0 la disposition des journalistes.","robots":{"index":"index","follow":"follow","max-snippet":"max-snippet:-1","max-image-preview":"max-image-preview:large","max-video-preview":"max-video-preview:-1"},"canonical":"https:\/\/www.aligro.ch\/pages\/fr\/entreprise\/relations-medias\/","og_locale":"fr_FR","og_type":"article","og_title":"Relations m\u00e9dias - ALIGRO","og_description":"Pour toute question concernant ALIGRO, nous invitons m\u00e9dias et journalistes \u00e0 prendre contact en utilisant le formulaire pour les relations m\u00e9dias. Nous nous ferons un plaisir de r\u00e9pondre aux sollicitations des m\u00e9dias. Le formulaire pour les relations m\u00e9dias est exclusivement \u00e0 la disposition des journalistes.","og_url":"https:\/\/www.aligro.ch\/pages\/fr\/entreprise\/relations-medias\/","og_site_name":"ALIGRO","article_publisher":"https:\/\/fb.com\/aligrosuisse","article_modified_time":"2025-08-27T10:34:54+00:00","og_image":[{"width":1280,"height":960,"url":"https:\/\/www.aligro.ch\/pages\/wp-content\/uploads\/2018\/05\/PageBanner_Independant_1280x960_05.jpg","type":"image\/jpeg"}],"twitter_card":"summary_large_image","twitter_misc":{"Dur\u00e9e de lecture estim\u00e9e":"2 minutes"},"schema":{"@context":"https:\/\/schema.org","@graph":[{"@type":"WebPage","@id":"https:\/\/www.aligro.ch\/pages\/fr\/entreprise\/relations-medias\/","url":"https:\/\/www.aligro.ch\/pages\/fr\/entreprise\/relations-medias\/","name":"Relations m\u00e9dias - ALIGRO","isPartOf":{"@id":"https:\/\/www.aligro.ch\/pages\/#website"},"datePublished":"2019-12-06T11:56:08+00:00","dateModified":"2025-08-27T10:34:54+00:00","description":"Pour toute question concernant ALIGRO, nous invitons m\u00e9dias et journalistes \u00e0 prendre contact en utilisant le formulaire pour les relations m\u00e9dias. Nous nous ferons un plaisir de r\u00e9pondre aux sollicitations des m\u00e9dias. Le formulaire pour les relations m\u00e9dias est exclusivement \u00e0 la disposition des journalistes.","breadcrumb":{"@id":"https:\/\/www.aligro.ch\/pages\/fr\/entreprise\/relations-medias\/#breadcrumb"},"inLanguage":"fr-FR","potentialAction":[{"@type":"ReadAction","target":["https:\/\/www.aligro.ch\/pages\/fr\/entreprise\/relations-medias\/"]}]},{"@type":"BreadcrumbList","@id":"https:\/\/www.aligro.ch\/pages\/fr\/entreprise\/relations-medias\/#breadcrumb","itemListElement":[{"@type":"ListItem","position":1,"name":"Accueil","item":"https:\/\/www.aligro.ch\/pages\/de\/aligro-academy\/"},{"@type":"ListItem","position":2,"name":"ENTREPRISE","item":"https:\/\/www.aligro.ch\/pages\/fr\/entreprise\/"},{"@type":"ListItem","position":3,"name":"Relations m\u00e9dias"}]},{"@type":"WebSite","@id":"https:\/\/www.aligro.ch\/pages\/#website","url":"https:\/\/www.aligro.ch\/pages\/","name":"ALIGRO","description":"Fra\u00eecheur. Qualit\u00e9. Inspiration.","publisher":{"@id":"https:\/\/www.aligro.ch\/pages\/#organization"},"potentialAction":[{"@type":"SearchAction","target":{"@type":"EntryPoint","urlTemplate":"https:\/\/www.aligro.ch\/pages\/?s={search_term_string}"},"query-input":{"@type":"PropertyValueSpecification","valueRequired":true,"valueName":"search_term_string"}}],"inLanguage":"fr-FR"},{"@type":"Organization","@id":"https:\/\/www.aligro.ch\/pages\/#organization","name":"ALIGRO","url":"https:\/\/www.aligro.ch\/pages\/","logo":{"@type":"ImageObject","inLanguage":"fr-FR","@id":"https:\/\/www.aligro.ch\/pages\/#\/schema\/logo\/image\/","url":"https:\/\/www.aligro.ch\/pages\/wp-content\/uploads\/2018\/10\/Logo@4x.png","contentUrl":"https:\/\/www.aligro.ch\/pages\/wp-content\/uploads\/2018\/10\/Logo@4x.png","width":1831,"height":228,"caption":"ALIGRO"},"image":{"@id":"https:\/\/www.aligro.ch\/pages\/#\/schema\/logo\/image\/"},"sameAs":["https:\/\/fb.com\/aligrosuisse"]}]}},"_links":{"self":[{"href":"https:\/\/www.aligro.ch\/pages\/wp-json\/wp\/v2\/pages\/10819","targetHints":{"allow":["GET"]}}],"collection":[{"href":"https:\/\/www.aligro.ch\/pages\/wp-json\/wp\/v2\/pages"}],"about":[{"href":"https:\/\/www.aligro.ch\/pages\/wp-json\/wp\/v2\/types\/page"}],"author":[{"embeddable":true,"href":"https:\/\/www.aligro.ch\/pages\/wp-json\/wp\/v2\/users\/9"}],"replies":[{"embeddable":true,"href":"https:\/\/www.aligro.ch\/pages\/wp-json\/wp\/v2\/comments?post=10819"}],"version-history":[{"count":5,"href":"https:\/\/www.aligro.ch\/pages\/wp-json\/wp\/v2\/pages\/10819\/revisions"}],"predecessor-version":[{"id":93297,"href":"https:\/\/www.aligro.ch\/pages\/wp-json\/wp\/v2\/pages\/10819\/revisions\/93297"}],"up":[{"embeddable":true,"href":"https:\/\/www.aligro.ch\/pages\/wp-json\/wp\/v2\/pages\/70"}],"wp:attachment":[{"href":"https:\/\/www.aligro.ch\/pages\/wp-json\/wp\/v2\/media?parent=10819"}],"curies":[{"name":"wp","href":"https:\/\/api.w.org\/{rel}","templated":true}]}}