{"id":10509,"date":"2019-11-26T15:31:28","date_gmt":"2019-11-26T14:31:28","guid":{"rendered":"https:\/\/www.aligro.ch\/pages\/?page_id=10509"},"modified":"2026-03-25T15:02:45","modified_gmt":"2026-03-25T14:02:45","slug":"reservierung-lieferung-an-fachhaendler","status":"publish","type":"page","link":"https:\/\/www.aligro.ch\/pages\/de\/dienstleistung\/reservierung-lieferung-an-fachhaendler\/","title":{"rendered":"Reservierung &#038; Lieferung an Fachh\u00e4ndler"},"content":{"rendered":"<div class=\"wpb-content-wrapper\"><p>[vc_row][vc_column width=\u00a0\u00bb1\/3&Prime;][vc_single_image image=\u00a0\u00bb10511&Prime; img_size=\u00a0\u00bb150&#215;150&Prime; css=\u00a0\u00bb.vc_custom_1708600063437{padding-right: 40px !important;}\u00a0\u00bb][vc_column_text css=\u00a0\u00bb.vc_custom_1703859568875{padding-right: 40px !important;}\u00a0\u00bb]<strong>Flexibel<\/strong>: Sie entscheiden wann Sie von diesem Service profitieren wollen.[\/vc_column_text][\/vc_column][vc_column width=\u00a0\u00bb1\/3&Prime;][vc_single_image image=\u00a0\u00bb10513&Prime; img_size=\u00a0\u00bb150&#215;150&Prime; css=\u00a0\u00bb.vc_custom_1708600071582{padding-right: 20px !important;padding-left: 20px !important;}\u00a0\u00bb][vc_column_text css=\u00a0\u00bb.vc_custom_1703859589149{padding-right: 20px !important;padding-left: 20px !important;}\u00a0\u00bb]<strong>Vorteilhaft<\/strong>: Wir garantieren die besten Konditionen.[\/vc_column_text][\/vc_column][vc_column width=\u00a0\u00bb1\/3&Prime;][vc_single_image image=\u00a0\u00bb10512&Prime; img_size=\u00a0\u00bb150&#215;150&Prime; css=\u00a0\u00bb.vc_custom_1708600080997{padding-left: 40px !important;}\u00a0\u00bb][vc_column_text css=\u00a0\u00bb.vc_custom_1703859604302{padding-left: 40px !important;}\u00a0\u00bb]<strong>Einfach<\/strong>: Sie sprechen sich direkt mit dem Kundenservice ab.[\/vc_column_text][\/vc_column][\/vc_row][vc_row][vc_column][vc_column_text css=\u00a0\u00bb.vc_custom_1774447362846{padding-top: 50px !important;}\u00a0\u00bb]<\/p>\n<h3>Reservation von Waren<\/h3>\n<p>Bei grossen Mengen oder f\u00fcr besondere Produkte k\u00f6nnen Sie Ihre Frischprodukte, Food, Getr\u00e4nke und Non-Food reservieren lassen. <a href=\"https:\/\/www.aligro.ch\/de\/markt\">Rufen Sie uns dazu an<\/a>.<\/p>\n<h3>Lieferung<\/h3>\n<p>Bei grossen Mengen, liefern wir Frisch- und Tiefk\u00fchlprodukte, sowie Lebensmittel, Getr\u00e4nke oder Non-Food-Artikel.<br \/>\nALIGRO organisiert die Vorbereitung der Waren, sowie den Transport.<br \/>\nKontaktieren Sie dazu <a href=\"https:\/\/www.aligro.ch\/de\/markt\">den Kundenservice Ihres Marktes<\/a>.[\/vc_column_text][\/vc_column][\/vc_row]<\/p>\n<\/div>","protected":false},"excerpt":{"rendered":"<p>[vc_row][vc_column width=\u00a0\u00bb1\/3&Prime;][vc_single_image image=\u00a0\u00bb10511&Prime; img_size=\u00a0\u00bb150&#215;150&Prime; css=\u00a0\u00bb.vc_custom_1708600063437{padding-right: 40px !important;}\u00a0\u00bb][vc_column_text css=\u00a0\u00bb.vc_custom_1703859568875{padding-right: 40px !important;}\u00a0\u00bb]Flexibel: Sie entscheiden wann Sie von diesem Service profitieren<a class=\"moretag\" href=\"https:\/\/www.aligro.ch\/pages\/de\/dienstleistung\/reservierung-lieferung-an-fachhaendler\/\"> &#8230;<\/a><\/p>\n","protected":false},"author":9,"featured_media":3043,"parent":2515,"menu_order":26,"comment_status":"closed","ping_status":"closed","template":"","meta":{"_acf_changed":false,"footnotes":""},"class_list":["post-10509","page","type-page","status-publish","has-post-thumbnail","hentry"],"acf":[],"yoast_head":"<!-- This site is optimized with the Yoast SEO plugin v27.5 - https:\/\/yoast.com\/product\/yoast-seo-wordpress\/ -->\n<title>Reservierung &amp; Lieferung an Fachh\u00e4ndler - ALIGRO<\/title>\n<meta name=\"description\" content=\"Ben\u00f6tigen Sie gro\u00dfe Mengen an Waren? Sie m\u00f6chten, dass Ihr Markt Ihre Bestellung vorbereitet oder liefert? Hier sind die Serviceleistungen, die ALIGRO seinen Kunden anbietet.\" \/>\n<meta name=\"robots\" content=\"index, follow, max-snippet:-1, max-image-preview:large, max-video-preview:-1\" \/>\n<link rel=\"canonical\" href=\"https:\/\/www.aligro.ch\/pages\/de\/dienstleistung\/reservierung-lieferung-an-fachhaendler\/\" \/>\n<meta property=\"og:locale\" content=\"fr_FR\" \/>\n<meta property=\"og:type\" content=\"article\" \/>\n<meta property=\"og:title\" content=\"Reservierung &amp; Lieferung an Fachh\u00e4ndler - ALIGRO\" \/>\n<meta property=\"og:description\" content=\"Ben\u00f6tigen Sie gro\u00dfe Mengen an Waren? Sie m\u00f6chten, dass Ihr Markt Ihre Bestellung vorbereitet oder liefert? Hier sind die Serviceleistungen, die ALIGRO seinen Kunden anbietet.\" \/>\n<meta property=\"og:url\" content=\"https:\/\/www.aligro.ch\/pages\/de\/dienstleistung\/reservierung-lieferung-an-fachhaendler\/\" \/>\n<meta property=\"og:site_name\" content=\"ALIGRO\" \/>\n<meta property=\"article:publisher\" content=\"https:\/\/fb.com\/aligrosuisse\" \/>\n<meta property=\"article:modified_time\" content=\"2026-03-25T14:02:45+00:00\" \/>\n<meta property=\"og:image\" content=\"https:\/\/www.aligro.ch\/pages\/wp-content\/uploads\/2018\/08\/PageBanner_Services_1280x806_09-1.jpg\" \/>\n\t<meta property=\"og:image:width\" content=\"1280\" \/>\n\t<meta property=\"og:image:height\" content=\"806\" \/>\n\t<meta property=\"og:image:type\" content=\"image\/jpeg\" \/>\n<meta name=\"twitter:card\" content=\"summary_large_image\" \/>\n<meta name=\"twitter:label1\" content=\"Dur\u00e9e de lecture estim\u00e9e\" \/>\n\t<meta name=\"twitter:data1\" content=\"2 minutes\" \/>\n<script type=\"application\/ld+json\" class=\"yoast-schema-graph\">{\"@context\":\"https:\\\/\\\/schema.org\",\"@graph\":[{\"@type\":\"WebPage\",\"@id\":\"https:\\\/\\\/www.aligro.ch\\\/pages\\\/de\\\/dienstleistung\\\/reservierung-lieferung-an-fachhaendler\\\/\",\"url\":\"https:\\\/\\\/www.aligro.ch\\\/pages\\\/de\\\/dienstleistung\\\/reservierung-lieferung-an-fachhaendler\\\/\",\"name\":\"Reservierung & Lieferung an Fachh\u00e4ndler - ALIGRO\",\"isPartOf\":{\"@id\":\"https:\\\/\\\/www.aligro.ch\\\/pages\\\/#website\"},\"primaryImageOfPage\":{\"@id\":\"https:\\\/\\\/www.aligro.ch\\\/pages\\\/de\\\/dienstleistung\\\/reservierung-lieferung-an-fachhaendler\\\/#primaryimage\"},\"image\":{\"@id\":\"https:\\\/\\\/www.aligro.ch\\\/pages\\\/de\\\/dienstleistung\\\/reservierung-lieferung-an-fachhaendler\\\/#primaryimage\"},\"thumbnailUrl\":\"https:\\\/\\\/www.aligro.ch\\\/pages\\\/wp-content\\\/uploads\\\/2018\\\/08\\\/PageBanner_Services_1280x806_09-1.jpg\",\"datePublished\":\"2019-11-26T14:31:28+00:00\",\"dateModified\":\"2026-03-25T14:02:45+00:00\",\"description\":\"Ben\u00f6tigen Sie gro\u00dfe Mengen an Waren? Sie m\u00f6chten, dass Ihr Markt Ihre Bestellung vorbereitet oder liefert? Hier sind die Serviceleistungen, die ALIGRO seinen Kunden anbietet.\",\"breadcrumb\":{\"@id\":\"https:\\\/\\\/www.aligro.ch\\\/pages\\\/de\\\/dienstleistung\\\/reservierung-lieferung-an-fachhaendler\\\/#breadcrumb\"},\"inLanguage\":\"fr-FR\",\"potentialAction\":[{\"@type\":\"ReadAction\",\"target\":[\"https:\\\/\\\/www.aligro.ch\\\/pages\\\/de\\\/dienstleistung\\\/reservierung-lieferung-an-fachhaendler\\\/\"]}]},{\"@type\":\"ImageObject\",\"inLanguage\":\"fr-FR\",\"@id\":\"https:\\\/\\\/www.aligro.ch\\\/pages\\\/de\\\/dienstleistung\\\/reservierung-lieferung-an-fachhaendler\\\/#primaryimage\",\"url\":\"https:\\\/\\\/www.aligro.ch\\\/pages\\\/wp-content\\\/uploads\\\/2018\\\/08\\\/PageBanner_Services_1280x806_09-1.jpg\",\"contentUrl\":\"https:\\\/\\\/www.aligro.ch\\\/pages\\\/wp-content\\\/uploads\\\/2018\\\/08\\\/PageBanner_Services_1280x806_09-1.jpg\",\"width\":1280,\"height\":806,\"caption\":\"Reservierung & Lieferung an Fachh\u00e4ndler\"},{\"@type\":\"BreadcrumbList\",\"@id\":\"https:\\\/\\\/www.aligro.ch\\\/pages\\\/de\\\/dienstleistung\\\/reservierung-lieferung-an-fachhaendler\\\/#breadcrumb\",\"itemListElement\":[{\"@type\":\"ListItem\",\"position\":1,\"name\":\"Accueil\",\"item\":\"https:\\\/\\\/www.aligro.ch\\\/pages\\\/de\\\/aligro-academy\\\/\"},{\"@type\":\"ListItem\",\"position\":2,\"name\":\"DIENSTLEISTUNG\",\"item\":\"https:\\\/\\\/www.aligro.ch\\\/pages\\\/de\\\/dienstleistung\\\/\"},{\"@type\":\"ListItem\",\"position\":3,\"name\":\"Reservierung &#038; Lieferung an Fachh\u00e4ndler\"}]},{\"@type\":\"WebSite\",\"@id\":\"https:\\\/\\\/www.aligro.ch\\\/pages\\\/#website\",\"url\":\"https:\\\/\\\/www.aligro.ch\\\/pages\\\/\",\"name\":\"ALIGRO\",\"description\":\"Fra\u00eecheur. Qualit\u00e9. Inspiration.\",\"publisher\":{\"@id\":\"https:\\\/\\\/www.aligro.ch\\\/pages\\\/#organization\"},\"potentialAction\":[{\"@type\":\"SearchAction\",\"target\":{\"@type\":\"EntryPoint\",\"urlTemplate\":\"https:\\\/\\\/www.aligro.ch\\\/pages\\\/?s={search_term_string}\"},\"query-input\":{\"@type\":\"PropertyValueSpecification\",\"valueRequired\":true,\"valueName\":\"search_term_string\"}}],\"inLanguage\":\"fr-FR\"},{\"@type\":\"Organization\",\"@id\":\"https:\\\/\\\/www.aligro.ch\\\/pages\\\/#organization\",\"name\":\"ALIGRO\",\"url\":\"https:\\\/\\\/www.aligro.ch\\\/pages\\\/\",\"logo\":{\"@type\":\"ImageObject\",\"inLanguage\":\"fr-FR\",\"@id\":\"https:\\\/\\\/www.aligro.ch\\\/pages\\\/#\\\/schema\\\/logo\\\/image\\\/\",\"url\":\"https:\\\/\\\/www.aligro.ch\\\/pages\\\/wp-content\\\/uploads\\\/2018\\\/10\\\/Logo@4x.png\",\"contentUrl\":\"https:\\\/\\\/www.aligro.ch\\\/pages\\\/wp-content\\\/uploads\\\/2018\\\/10\\\/Logo@4x.png\",\"width\":1831,\"height\":228,\"caption\":\"ALIGRO\"},\"image\":{\"@id\":\"https:\\\/\\\/www.aligro.ch\\\/pages\\\/#\\\/schema\\\/logo\\\/image\\\/\"},\"sameAs\":[\"https:\\\/\\\/fb.com\\\/aligrosuisse\"]}]}<\/script>\n<!-- \/ Yoast SEO plugin. -->","yoast_head_json":{"title":"Reservierung & Lieferung an Fachh\u00e4ndler - ALIGRO","description":"Ben\u00f6tigen Sie gro\u00dfe Mengen an Waren? Sie m\u00f6chten, dass Ihr Markt Ihre Bestellung vorbereitet oder liefert? Hier sind die Serviceleistungen, die ALIGRO seinen Kunden anbietet.","robots":{"index":"index","follow":"follow","max-snippet":"max-snippet:-1","max-image-preview":"max-image-preview:large","max-video-preview":"max-video-preview:-1"},"canonical":"https:\/\/www.aligro.ch\/pages\/de\/dienstleistung\/reservierung-lieferung-an-fachhaendler\/","og_locale":"fr_FR","og_type":"article","og_title":"Reservierung & Lieferung an Fachh\u00e4ndler - ALIGRO","og_description":"Ben\u00f6tigen Sie gro\u00dfe Mengen an Waren? Sie m\u00f6chten, dass Ihr Markt Ihre Bestellung vorbereitet oder liefert? Hier sind die Serviceleistungen, die ALIGRO seinen Kunden anbietet.","og_url":"https:\/\/www.aligro.ch\/pages\/de\/dienstleistung\/reservierung-lieferung-an-fachhaendler\/","og_site_name":"ALIGRO","article_publisher":"https:\/\/fb.com\/aligrosuisse","article_modified_time":"2026-03-25T14:02:45+00:00","og_image":[{"width":1280,"height":806,"url":"https:\/\/www.aligro.ch\/pages\/wp-content\/uploads\/2018\/08\/PageBanner_Services_1280x806_09-1.jpg","type":"image\/jpeg"}],"twitter_card":"summary_large_image","twitter_misc":{"Dur\u00e9e de lecture estim\u00e9e":"2 minutes"},"schema":{"@context":"https:\/\/schema.org","@graph":[{"@type":"WebPage","@id":"https:\/\/www.aligro.ch\/pages\/de\/dienstleistung\/reservierung-lieferung-an-fachhaendler\/","url":"https:\/\/www.aligro.ch\/pages\/de\/dienstleistung\/reservierung-lieferung-an-fachhaendler\/","name":"Reservierung & Lieferung an Fachh\u00e4ndler - ALIGRO","isPartOf":{"@id":"https:\/\/www.aligro.ch\/pages\/#website"},"primaryImageOfPage":{"@id":"https:\/\/www.aligro.ch\/pages\/de\/dienstleistung\/reservierung-lieferung-an-fachhaendler\/#primaryimage"},"image":{"@id":"https:\/\/www.aligro.ch\/pages\/de\/dienstleistung\/reservierung-lieferung-an-fachhaendler\/#primaryimage"},"thumbnailUrl":"https:\/\/www.aligro.ch\/pages\/wp-content\/uploads\/2018\/08\/PageBanner_Services_1280x806_09-1.jpg","datePublished":"2019-11-26T14:31:28+00:00","dateModified":"2026-03-25T14:02:45+00:00","description":"Ben\u00f6tigen Sie gro\u00dfe Mengen an Waren? Sie m\u00f6chten, dass Ihr Markt Ihre Bestellung vorbereitet oder liefert? Hier sind die Serviceleistungen, die ALIGRO seinen Kunden anbietet.","breadcrumb":{"@id":"https:\/\/www.aligro.ch\/pages\/de\/dienstleistung\/reservierung-lieferung-an-fachhaendler\/#breadcrumb"},"inLanguage":"fr-FR","potentialAction":[{"@type":"ReadAction","target":["https:\/\/www.aligro.ch\/pages\/de\/dienstleistung\/reservierung-lieferung-an-fachhaendler\/"]}]},{"@type":"ImageObject","inLanguage":"fr-FR","@id":"https:\/\/www.aligro.ch\/pages\/de\/dienstleistung\/reservierung-lieferung-an-fachhaendler\/#primaryimage","url":"https:\/\/www.aligro.ch\/pages\/wp-content\/uploads\/2018\/08\/PageBanner_Services_1280x806_09-1.jpg","contentUrl":"https:\/\/www.aligro.ch\/pages\/wp-content\/uploads\/2018\/08\/PageBanner_Services_1280x806_09-1.jpg","width":1280,"height":806,"caption":"Reservierung & Lieferung an Fachh\u00e4ndler"},{"@type":"BreadcrumbList","@id":"https:\/\/www.aligro.ch\/pages\/de\/dienstleistung\/reservierung-lieferung-an-fachhaendler\/#breadcrumb","itemListElement":[{"@type":"ListItem","position":1,"name":"Accueil","item":"https:\/\/www.aligro.ch\/pages\/de\/aligro-academy\/"},{"@type":"ListItem","position":2,"name":"DIENSTLEISTUNG","item":"https:\/\/www.aligro.ch\/pages\/de\/dienstleistung\/"},{"@type":"ListItem","position":3,"name":"Reservierung &#038; Lieferung an Fachh\u00e4ndler"}]},{"@type":"WebSite","@id":"https:\/\/www.aligro.ch\/pages\/#website","url":"https:\/\/www.aligro.ch\/pages\/","name":"ALIGRO","description":"Fra\u00eecheur. Qualit\u00e9. Inspiration.","publisher":{"@id":"https:\/\/www.aligro.ch\/pages\/#organization"},"potentialAction":[{"@type":"SearchAction","target":{"@type":"EntryPoint","urlTemplate":"https:\/\/www.aligro.ch\/pages\/?s={search_term_string}"},"query-input":{"@type":"PropertyValueSpecification","valueRequired":true,"valueName":"search_term_string"}}],"inLanguage":"fr-FR"},{"@type":"Organization","@id":"https:\/\/www.aligro.ch\/pages\/#organization","name":"ALIGRO","url":"https:\/\/www.aligro.ch\/pages\/","logo":{"@type":"ImageObject","inLanguage":"fr-FR","@id":"https:\/\/www.aligro.ch\/pages\/#\/schema\/logo\/image\/","url":"https:\/\/www.aligro.ch\/pages\/wp-content\/uploads\/2018\/10\/Logo@4x.png","contentUrl":"https:\/\/www.aligro.ch\/pages\/wp-content\/uploads\/2018\/10\/Logo@4x.png","width":1831,"height":228,"caption":"ALIGRO"},"image":{"@id":"https:\/\/www.aligro.ch\/pages\/#\/schema\/logo\/image\/"},"sameAs":["https:\/\/fb.com\/aligrosuisse"]}]}},"_links":{"self":[{"href":"https:\/\/www.aligro.ch\/pages\/wp-json\/wp\/v2\/pages\/10509","targetHints":{"allow":["GET"]}}],"collection":[{"href":"https:\/\/www.aligro.ch\/pages\/wp-json\/wp\/v2\/pages"}],"about":[{"href":"https:\/\/www.aligro.ch\/pages\/wp-json\/wp\/v2\/types\/page"}],"author":[{"embeddable":true,"href":"https:\/\/www.aligro.ch\/pages\/wp-json\/wp\/v2\/users\/9"}],"replies":[{"embeddable":true,"href":"https:\/\/www.aligro.ch\/pages\/wp-json\/wp\/v2\/comments?post=10509"}],"version-history":[{"count":5,"href":"https:\/\/www.aligro.ch\/pages\/wp-json\/wp\/v2\/pages\/10509\/revisions"}],"predecessor-version":[{"id":12050,"href":"https:\/\/www.aligro.ch\/pages\/wp-json\/wp\/v2\/pages\/10509\/revisions\/12050"}],"up":[{"embeddable":true,"href":"https:\/\/www.aligro.ch\/pages\/wp-json\/wp\/v2\/pages\/2515"}],"wp:featuredmedia":[{"embeddable":true,"href":"https:\/\/www.aligro.ch\/pages\/wp-json\/wp\/v2\/media\/3043"}],"wp:attachment":[{"href":"https:\/\/www.aligro.ch\/pages\/wp-json\/wp\/v2\/media?parent=10509"}],"curies":[{"name":"wp","href":"https:\/\/api.w.org\/{rel}","templated":true}]}}