{"id":10490,"date":"2019-11-21T14:59:24","date_gmt":"2019-11-21T13:59:24","guid":{"rendered":"https:\/\/www.aligro.ch\/pages\/?page_id=10490"},"modified":"2026-01-15T08:34:20","modified_gmt":"2026-01-15T07:34:20","slug":"getraenke","status":"publish","type":"page","link":"https:\/\/www.aligro.ch\/pages\/de\/sortiment\/weine-und-getraenke\/getraenke\/","title":{"rendered":"Bier und Getr\u00e4nke, Kaffee und Tee"},"content":{"rendered":"<div class=\"wpb-content-wrapper\"><p>[vc_row][vc_column][vc_column_text css=\u00a0\u00bb\u00a0\u00bb]Unser Sortiment umfasst fast 600 Getr\u00e4nke, darunter zahlreiche lokale und belgische Biersorten sowie die unumg\u00e4nglichen Klassiker, Mineralwasser und andere alkoholfreie Getr\u00e4nke \u2013 Mineralwasser, Limonaden, Eistees, Sirupe (130 Sorten!), Fr\u00fcchte- und Gem\u00fcses\u00e4fte, Energy-Drinks.<\/p>\n<p><a href=\"https:\/\/www.aligro.ch\/de\/aktionen\/1610-bier\">Bier<\/a><br \/>\n<a href=\"https:\/\/www.aligro.ch\/de\/aktionen\/1611-sussgetranke\">S\u00fcssgetr\u00e4nke<\/a><br \/>\n<a href=\"https:\/\/www.aligro.ch\/de\/aktionen\/1612-eistee\">Eistee<\/a><br \/>\n<a href=\"https:\/\/www.aligro.ch\/de\/aktionen\/1613-energydrinks\">Energydrinks<\/a><br \/>\n<a href=\"https:\/\/www.aligro.ch\/de\/aktionen\/1614-sirup\">Sirup<\/a><br \/>\n<a href=\"https:\/\/www.aligro.ch\/de\/aktionen\/1615-frucht-und-gemusesafte\">Frucht- und Gem\u00fcses\u00e4fte<\/a><br \/>\n<a href=\"https:\/\/www.aligro.ch\/de\/aktionen\/1616-mineralwasser\">Mineralwasser<\/a><br \/>\n<a href=\"https:\/\/www.aligro.ch\/de\/aktionen\/1617-kaffee\">Kaffee<\/a><br \/>\n<a href=\"https:\/\/www.aligro.ch\/de\/aktionen\/1618-tee\">Tee<\/a><br \/>\n<a href=\"https:\/\/www.aligro.ch\/de\/aktionen\/1619-instant-getranke\">Instant-Getr\u00e4nke<\/a><\/p>\n<div class=\"greyBoxCategory\">\n<h2>Entdecken Sie unsere Aktionen in der Getr\u00e4nkeabteilung<\/h2>\n<p><a class=\"btn btn-primary btn-large\" style=\"border-radius: 25px; font-weight: normal; font-size: .8em; padding: .75em 1.5em; letter-spacing: normal;\" href=\"https:\/\/www.aligro.ch\/de\/aktionen\/16-biere-und-getranke-kaffee-und-tee\">AKTIONEN ANZEIGEN<\/a><\/p>\n<\/div>\n<p>[\/vc_column_text][\/vc_column][\/vc_row][vc_row][vc_column][vc_column_text]<\/p>\n<div class=\"greyBoxCategory\"><\/div>\n<p>[\/vc_column_text][\/vc_column][\/vc_row]<\/p>\n<\/div>","protected":false},"excerpt":{"rendered":"<p>[vc_row][vc_column][vc_column_text css=\u00a0\u00bb\u00a0\u00bb]Unser Sortiment umfasst fast 600 Getr\u00e4nke, darunter zahlreiche lokale und belgische Biersorten sowie die unumg\u00e4nglichen Klassiker, Mineralwasser<a class=\"moretag\" href=\"https:\/\/www.aligro.ch\/pages\/de\/sortiment\/weine-und-getraenke\/getraenke\/\"> &#8230;<\/a><\/p>\n","protected":false},"author":9,"featured_media":2888,"parent":610,"menu_order":13,"comment_status":"closed","ping_status":"closed","template":"","meta":{"_acf_changed":false,"footnotes":""},"class_list":["post-10490","page","type-page","status-publish","has-post-thumbnail","hentry"],"acf":[],"yoast_head":"<!-- This site is optimized with the Yoast SEO plugin v27.5 - https:\/\/yoast.com\/product\/yoast-seo-wordpress\/ -->\n<title>Bier und Getr\u00e4nke, Kaffee und Tee - ALIGRO<\/title>\n<meta name=\"description\" content=\"Bier, Erfrischungen und Getr\u00e4nke zum besten Preis: wir bieten \u00fcber 550 verschiedene Getr\u00e4nke in Form von nat\u00fcrlichem und kohlens\u00e4urehaltigem Mineralwasser, Limonade, Eistee, Sirup, Frucht- und Gem\u00fcsesaft sowie Bier mit oder ohne Alkohol an.\" \/>\n<meta name=\"robots\" content=\"index, follow, max-snippet:-1, max-image-preview:large, max-video-preview:-1\" \/>\n<link rel=\"canonical\" href=\"https:\/\/www.aligro.ch\/pages\/de\/sortiment\/weine-und-getraenke\/getraenke\/\" \/>\n<meta property=\"og:locale\" content=\"fr_FR\" \/>\n<meta property=\"og:type\" content=\"article\" \/>\n<meta property=\"og:title\" content=\"Bier und Getr\u00e4nke, Kaffee und Tee - ALIGRO\" \/>\n<meta property=\"og:description\" content=\"Bier, Erfrischungen und Getr\u00e4nke zum besten Preis: wir bieten \u00fcber 550 verschiedene Getr\u00e4nke in Form von nat\u00fcrlichem und kohlens\u00e4urehaltigem Mineralwasser, Limonade, Eistee, Sirup, Frucht- und Gem\u00fcsesaft sowie Bier mit oder ohne Alkohol an.\" \/>\n<meta property=\"og:url\" content=\"https:\/\/www.aligro.ch\/pages\/de\/sortiment\/weine-und-getraenke\/getraenke\/\" \/>\n<meta property=\"og:site_name\" content=\"ALIGRO\" \/>\n<meta property=\"article:publisher\" content=\"https:\/\/fb.com\/aligrosuisse\" \/>\n<meta property=\"article:modified_time\" content=\"2026-01-15T07:34:20+00:00\" \/>\n<meta property=\"og:image\" content=\"https:\/\/www.aligro.ch\/pages\/wp-content\/uploads\/2018\/07\/Boissons06-1280x764px-1.jpg\" \/>\n\t<meta property=\"og:image:width\" content=\"1280\" \/>\n\t<meta property=\"og:image:height\" content=\"764\" \/>\n\t<meta property=\"og:image:type\" content=\"image\/jpeg\" \/>\n<meta name=\"twitter:card\" content=\"summary_large_image\" \/>\n<meta name=\"twitter:label1\" content=\"Dur\u00e9e de lecture estim\u00e9e\" \/>\n\t<meta name=\"twitter:data1\" content=\"1 minute\" \/>\n<script type=\"application\/ld+json\" class=\"yoast-schema-graph\">{\"@context\":\"https:\\\/\\\/schema.org\",\"@graph\":[{\"@type\":\"WebPage\",\"@id\":\"https:\\\/\\\/www.aligro.ch\\\/pages\\\/de\\\/sortiment\\\/weine-und-getraenke\\\/getraenke\\\/\",\"url\":\"https:\\\/\\\/www.aligro.ch\\\/pages\\\/de\\\/sortiment\\\/weine-und-getraenke\\\/getraenke\\\/\",\"name\":\"Bier und Getr\u00e4nke, Kaffee und Tee - ALIGRO\",\"isPartOf\":{\"@id\":\"https:\\\/\\\/www.aligro.ch\\\/pages\\\/#website\"},\"primaryImageOfPage\":{\"@id\":\"https:\\\/\\\/www.aligro.ch\\\/pages\\\/de\\\/sortiment\\\/weine-und-getraenke\\\/getraenke\\\/#primaryimage\"},\"image\":{\"@id\":\"https:\\\/\\\/www.aligro.ch\\\/pages\\\/de\\\/sortiment\\\/weine-und-getraenke\\\/getraenke\\\/#primaryimage\"},\"thumbnailUrl\":\"https:\\\/\\\/www.aligro.ch\\\/pages\\\/wp-content\\\/uploads\\\/2018\\\/07\\\/Boissons06-1280x764px-1.jpg\",\"datePublished\":\"2019-11-21T13:59:24+00:00\",\"dateModified\":\"2026-01-15T07:34:20+00:00\",\"description\":\"Bier, Erfrischungen und Getr\u00e4nke zum besten Preis: wir bieten \u00fcber 550 verschiedene Getr\u00e4nke in Form von nat\u00fcrlichem und kohlens\u00e4urehaltigem Mineralwasser, Limonade, Eistee, Sirup, Frucht- und Gem\u00fcsesaft sowie Bier mit oder ohne Alkohol an.\",\"breadcrumb\":{\"@id\":\"https:\\\/\\\/www.aligro.ch\\\/pages\\\/de\\\/sortiment\\\/weine-und-getraenke\\\/getraenke\\\/#breadcrumb\"},\"inLanguage\":\"fr-FR\",\"potentialAction\":[{\"@type\":\"ReadAction\",\"target\":[\"https:\\\/\\\/www.aligro.ch\\\/pages\\\/de\\\/sortiment\\\/weine-und-getraenke\\\/getraenke\\\/\"]}]},{\"@type\":\"ImageObject\",\"inLanguage\":\"fr-FR\",\"@id\":\"https:\\\/\\\/www.aligro.ch\\\/pages\\\/de\\\/sortiment\\\/weine-und-getraenke\\\/getraenke\\\/#primaryimage\",\"url\":\"https:\\\/\\\/www.aligro.ch\\\/pages\\\/wp-content\\\/uploads\\\/2018\\\/07\\\/Boissons06-1280x764px-1.jpg\",\"contentUrl\":\"https:\\\/\\\/www.aligro.ch\\\/pages\\\/wp-content\\\/uploads\\\/2018\\\/07\\\/Boissons06-1280x764px-1.jpg\",\"width\":1280,\"height\":764,\"caption\":\"Getr\u00e4nke: Bier, Wasser, S\u00e4fte und Sirups\"},{\"@type\":\"BreadcrumbList\",\"@id\":\"https:\\\/\\\/www.aligro.ch\\\/pages\\\/de\\\/sortiment\\\/weine-und-getraenke\\\/getraenke\\\/#breadcrumb\",\"itemListElement\":[{\"@type\":\"ListItem\",\"position\":1,\"name\":\"Accueil\",\"item\":\"https:\\\/\\\/www.aligro.ch\\\/pages\\\/de\\\/aligro-academy\\\/\"},{\"@type\":\"ListItem\",\"position\":2,\"name\":\"SORTIMENT\",\"item\":\"https:\\\/\\\/www.aligro.ch\\\/pages\\\/de\\\/sortiment\\\/\"},{\"@type\":\"ListItem\",\"position\":3,\"name\":\"Weine und Getr\u00e4nke\",\"item\":\"https:\\\/\\\/www.aligro.ch\\\/pages\\\/de\\\/sortiment\\\/weine-und-getraenke\\\/\"},{\"@type\":\"ListItem\",\"position\":4,\"name\":\"Bier und Getr\u00e4nke, Kaffee und Tee\"}]},{\"@type\":\"WebSite\",\"@id\":\"https:\\\/\\\/www.aligro.ch\\\/pages\\\/#website\",\"url\":\"https:\\\/\\\/www.aligro.ch\\\/pages\\\/\",\"name\":\"ALIGRO\",\"description\":\"Fra\u00eecheur. Qualit\u00e9. Inspiration.\",\"publisher\":{\"@id\":\"https:\\\/\\\/www.aligro.ch\\\/pages\\\/#organization\"},\"potentialAction\":[{\"@type\":\"SearchAction\",\"target\":{\"@type\":\"EntryPoint\",\"urlTemplate\":\"https:\\\/\\\/www.aligro.ch\\\/pages\\\/?s={search_term_string}\"},\"query-input\":{\"@type\":\"PropertyValueSpecification\",\"valueRequired\":true,\"valueName\":\"search_term_string\"}}],\"inLanguage\":\"fr-FR\"},{\"@type\":\"Organization\",\"@id\":\"https:\\\/\\\/www.aligro.ch\\\/pages\\\/#organization\",\"name\":\"ALIGRO\",\"url\":\"https:\\\/\\\/www.aligro.ch\\\/pages\\\/\",\"logo\":{\"@type\":\"ImageObject\",\"inLanguage\":\"fr-FR\",\"@id\":\"https:\\\/\\\/www.aligro.ch\\\/pages\\\/#\\\/schema\\\/logo\\\/image\\\/\",\"url\":\"https:\\\/\\\/www.aligro.ch\\\/pages\\\/wp-content\\\/uploads\\\/2018\\\/10\\\/Logo@4x.png\",\"contentUrl\":\"https:\\\/\\\/www.aligro.ch\\\/pages\\\/wp-content\\\/uploads\\\/2018\\\/10\\\/Logo@4x.png\",\"width\":1831,\"height\":228,\"caption\":\"ALIGRO\"},\"image\":{\"@id\":\"https:\\\/\\\/www.aligro.ch\\\/pages\\\/#\\\/schema\\\/logo\\\/image\\\/\"},\"sameAs\":[\"https:\\\/\\\/fb.com\\\/aligrosuisse\"]}]}<\/script>\n<!-- \/ Yoast SEO plugin. -->","yoast_head_json":{"title":"Bier und Getr\u00e4nke, Kaffee und Tee - ALIGRO","description":"Bier, Erfrischungen und Getr\u00e4nke zum besten Preis: wir bieten \u00fcber 550 verschiedene Getr\u00e4nke in Form von nat\u00fcrlichem und kohlens\u00e4urehaltigem Mineralwasser, Limonade, Eistee, Sirup, Frucht- und Gem\u00fcsesaft sowie Bier mit oder ohne Alkohol an.","robots":{"index":"index","follow":"follow","max-snippet":"max-snippet:-1","max-image-preview":"max-image-preview:large","max-video-preview":"max-video-preview:-1"},"canonical":"https:\/\/www.aligro.ch\/pages\/de\/sortiment\/weine-und-getraenke\/getraenke\/","og_locale":"fr_FR","og_type":"article","og_title":"Bier und Getr\u00e4nke, Kaffee und Tee - ALIGRO","og_description":"Bier, Erfrischungen und Getr\u00e4nke zum besten Preis: wir bieten \u00fcber 550 verschiedene Getr\u00e4nke in Form von nat\u00fcrlichem und kohlens\u00e4urehaltigem Mineralwasser, Limonade, Eistee, Sirup, Frucht- und Gem\u00fcsesaft sowie Bier mit oder ohne Alkohol an.","og_url":"https:\/\/www.aligro.ch\/pages\/de\/sortiment\/weine-und-getraenke\/getraenke\/","og_site_name":"ALIGRO","article_publisher":"https:\/\/fb.com\/aligrosuisse","article_modified_time":"2026-01-15T07:34:20+00:00","og_image":[{"width":1280,"height":764,"url":"https:\/\/www.aligro.ch\/pages\/wp-content\/uploads\/2018\/07\/Boissons06-1280x764px-1.jpg","type":"image\/jpeg"}],"twitter_card":"summary_large_image","twitter_misc":{"Dur\u00e9e de lecture estim\u00e9e":"1 minute"},"schema":{"@context":"https:\/\/schema.org","@graph":[{"@type":"WebPage","@id":"https:\/\/www.aligro.ch\/pages\/de\/sortiment\/weine-und-getraenke\/getraenke\/","url":"https:\/\/www.aligro.ch\/pages\/de\/sortiment\/weine-und-getraenke\/getraenke\/","name":"Bier und Getr\u00e4nke, Kaffee und Tee - ALIGRO","isPartOf":{"@id":"https:\/\/www.aligro.ch\/pages\/#website"},"primaryImageOfPage":{"@id":"https:\/\/www.aligro.ch\/pages\/de\/sortiment\/weine-und-getraenke\/getraenke\/#primaryimage"},"image":{"@id":"https:\/\/www.aligro.ch\/pages\/de\/sortiment\/weine-und-getraenke\/getraenke\/#primaryimage"},"thumbnailUrl":"https:\/\/www.aligro.ch\/pages\/wp-content\/uploads\/2018\/07\/Boissons06-1280x764px-1.jpg","datePublished":"2019-11-21T13:59:24+00:00","dateModified":"2026-01-15T07:34:20+00:00","description":"Bier, Erfrischungen und Getr\u00e4nke zum besten Preis: wir bieten \u00fcber 550 verschiedene Getr\u00e4nke in Form von nat\u00fcrlichem und kohlens\u00e4urehaltigem Mineralwasser, Limonade, Eistee, Sirup, Frucht- und Gem\u00fcsesaft sowie Bier mit oder ohne Alkohol an.","breadcrumb":{"@id":"https:\/\/www.aligro.ch\/pages\/de\/sortiment\/weine-und-getraenke\/getraenke\/#breadcrumb"},"inLanguage":"fr-FR","potentialAction":[{"@type":"ReadAction","target":["https:\/\/www.aligro.ch\/pages\/de\/sortiment\/weine-und-getraenke\/getraenke\/"]}]},{"@type":"ImageObject","inLanguage":"fr-FR","@id":"https:\/\/www.aligro.ch\/pages\/de\/sortiment\/weine-und-getraenke\/getraenke\/#primaryimage","url":"https:\/\/www.aligro.ch\/pages\/wp-content\/uploads\/2018\/07\/Boissons06-1280x764px-1.jpg","contentUrl":"https:\/\/www.aligro.ch\/pages\/wp-content\/uploads\/2018\/07\/Boissons06-1280x764px-1.jpg","width":1280,"height":764,"caption":"Getr\u00e4nke: Bier, Wasser, S\u00e4fte und Sirups"},{"@type":"BreadcrumbList","@id":"https:\/\/www.aligro.ch\/pages\/de\/sortiment\/weine-und-getraenke\/getraenke\/#breadcrumb","itemListElement":[{"@type":"ListItem","position":1,"name":"Accueil","item":"https:\/\/www.aligro.ch\/pages\/de\/aligro-academy\/"},{"@type":"ListItem","position":2,"name":"SORTIMENT","item":"https:\/\/www.aligro.ch\/pages\/de\/sortiment\/"},{"@type":"ListItem","position":3,"name":"Weine und Getr\u00e4nke","item":"https:\/\/www.aligro.ch\/pages\/de\/sortiment\/weine-und-getraenke\/"},{"@type":"ListItem","position":4,"name":"Bier und Getr\u00e4nke, Kaffee und Tee"}]},{"@type":"WebSite","@id":"https:\/\/www.aligro.ch\/pages\/#website","url":"https:\/\/www.aligro.ch\/pages\/","name":"ALIGRO","description":"Fra\u00eecheur. Qualit\u00e9. Inspiration.","publisher":{"@id":"https:\/\/www.aligro.ch\/pages\/#organization"},"potentialAction":[{"@type":"SearchAction","target":{"@type":"EntryPoint","urlTemplate":"https:\/\/www.aligro.ch\/pages\/?s={search_term_string}"},"query-input":{"@type":"PropertyValueSpecification","valueRequired":true,"valueName":"search_term_string"}}],"inLanguage":"fr-FR"},{"@type":"Organization","@id":"https:\/\/www.aligro.ch\/pages\/#organization","name":"ALIGRO","url":"https:\/\/www.aligro.ch\/pages\/","logo":{"@type":"ImageObject","inLanguage":"fr-FR","@id":"https:\/\/www.aligro.ch\/pages\/#\/schema\/logo\/image\/","url":"https:\/\/www.aligro.ch\/pages\/wp-content\/uploads\/2018\/10\/Logo@4x.png","contentUrl":"https:\/\/www.aligro.ch\/pages\/wp-content\/uploads\/2018\/10\/Logo@4x.png","width":1831,"height":228,"caption":"ALIGRO"},"image":{"@id":"https:\/\/www.aligro.ch\/pages\/#\/schema\/logo\/image\/"},"sameAs":["https:\/\/fb.com\/aligrosuisse"]}]}},"_links":{"self":[{"href":"https:\/\/www.aligro.ch\/pages\/wp-json\/wp\/v2\/pages\/10490","targetHints":{"allow":["GET"]}}],"collection":[{"href":"https:\/\/www.aligro.ch\/pages\/wp-json\/wp\/v2\/pages"}],"about":[{"href":"https:\/\/www.aligro.ch\/pages\/wp-json\/wp\/v2\/types\/page"}],"author":[{"embeddable":true,"href":"https:\/\/www.aligro.ch\/pages\/wp-json\/wp\/v2\/users\/9"}],"replies":[{"embeddable":true,"href":"https:\/\/www.aligro.ch\/pages\/wp-json\/wp\/v2\/comments?post=10490"}],"version-history":[{"count":5,"href":"https:\/\/www.aligro.ch\/pages\/wp-json\/wp\/v2\/pages\/10490\/revisions"}],"predecessor-version":[{"id":101785,"href":"https:\/\/www.aligro.ch\/pages\/wp-json\/wp\/v2\/pages\/10490\/revisions\/101785"}],"up":[{"embeddable":true,"href":"https:\/\/www.aligro.ch\/pages\/wp-json\/wp\/v2\/pages\/610"}],"wp:featuredmedia":[{"embeddable":true,"href":"https:\/\/www.aligro.ch\/pages\/wp-json\/wp\/v2\/media\/2888"}],"wp:attachment":[{"href":"https:\/\/www.aligro.ch\/pages\/wp-json\/wp\/v2\/media?parent=10490"}],"curies":[{"name":"wp","href":"https:\/\/api.w.org\/{rel}","templated":true}]}}